{"id":13676,"date":"2022-03-28T10:45:09","date_gmt":"2022-03-28T08:45:09","guid":{"rendered":"http:\/\/www.aqualuxhotel.com\/?page_id=13676"},"modified":"2022-04-06T12:18:43","modified_gmt":"2022-04-06T10:18:43","slug":"pool-bar","status":"publish","type":"page","link":"https:\/\/www.aqualuxhotel.com\/de\/pool-bar\/","title":{"rendered":"Pool Bar"},"content":{"rendered":"<div class=\"wpb-content-wrapper\">[vc_row][vc_column][vc_column_text]Im Inneren des Wasserparks, umgeben von einem prachtvollen Garten, k\u00f6nnen Sie, w\u00e4hrend der Sommermonate an der Pool-Bar eine reiche Auswahl an Energy-Drinks und viele k\u00f6stliche, vitaminreichen Getr\u00e4nken genie\u00dfen.<\/p>\n<p><strong>Ge\u00f6ffnet von Mai bis September.<\/strong><br \/>\n<strong>T\u00c4GLICH VON 10.30 BIS 19.00<\/strong>[\/vc_column_text][\/vc_column][\/vc_row][vc_row full_width=&#8220;stretch_row&#8220; css=&#8220;.vc_custom_1642073468082{margin-top: 0px !important;margin-right: 0px !important;margin-bottom: 0px !important;margin-left: 0px !important;padding-top: 0px !important;padding-right: 0px !important;padding-bottom: 0px !important;padding-left: 0px !important;background-color: #b3acaa !important;}&#8220;][vc_column css=&#8220;.vc_custom_1642073450723{margin-top: 0px !important;margin-right: 0px !important;margin-bottom: 0px !important;margin-left: 0px !important;padding-top: 0px !important;padding-right: 0px !important;padding-bottom: 0px !important;padding-left: 0px !important;}&#8220;]<style>.gem-gallery-grid#style-69f5853a3bfbd .gallery-item { padding: calc(0px\/2) !important; }.gem-gallery-grid#style-69f5853a3bfbd .gallery-set { margin-top: calc(-0px\/2); margin-bottom: calc(-0px\/2); }.gem-gallery-grid#style-69f5853a3bfbd .not-fullwidth-block .gallery-set, .gem-gallery-grid#style-69f5853a3bfbd .not-fullwidth-block .portfolio-item-size-container { margin-left: calc(-0px\/2); margin-right: calc(-0px\/2); }.gem-gallery-grid#style-69f5853a3bfbd .fullwidth-block { padding-left: calc(0px\/2); padding-right: calc(0px\/2); }.gem-gallery-grid#style-69f5853a3bfbd .fullwidth-block .portfolio-top-panel:not(.gem-sticky-block), .gem-gallery-grid#style-69f5853a3bfbd .portfolio-item.not-found .found-wrap { padding-left: 21px; padding-right: 21px; }@media (min-width: 768px) and (max-width: 991px) { .gem-gallery-grid#style-69f5853a3bfbd .fullwidth-block .portfolio-top-panel:not(.gem-sticky-block), .gem-gallery-grid#style-69f5853a3bfbd .portfolio-item.not-found .found-wrap { padding-left: 21px; padding-right: 21px; }}@media (max-width: 767px) { .gem-gallery-grid#style-69f5853a3bfbd .fullwidth-block .portfolio-top-panel:not(.gem-sticky-block), .gem-gallery-grid#style-69f5853a3bfbd .portfolio-item.not-found .found-wrap { padding-left: 21px; padding-right: 21px; }}.gem-gallery-grid#style-69f5853a3bfbd .portfolio-filters { text-align: center }<\/style><div id=\"style-preloader-69f5853a3bfbd\" class=\"preloader save-space\"><div class=\"preloader-spin\"><\/div><\/div> <div class=\"gallery-preloader-wrapper\"> <div class=\"row\"> <div id=\"style-69f5853a3bfbd\" class=\"gem-gallery-grid col-lg-12 col-md-12 col-sm-12 gallery-style-metro hover-default loading-animation item-animation-move-up fullwidth-columns fullwidth-columns-5 metro columns-tablet-2 columns-mobile-1 metro-item-style-default \" data-hover=\"default\" data-uid=\"69f5853a3bfbd\" data-filter=\"[]\"> <div class=\"portfolio fullwidth-block \"> <ul class=\"gallery-set clearfix\" data-max-row-height=\"380\"> <li class=\"gallery-item gallery-0 col-xs-12 col-sm-6 columns-desktop-5 item-animations-not-inited single-icon post-13676 page type-page status-publish\" style=\"\"> <div class=\"wrap gem-wrapbox-style-default\"> <div class=\"overlay-wrap\"> <div class=\"image-wrap \"> <picture> <source data-srcset=\"https:\/\/www.aqualuxhotel.com\/wp-content\/uploads\/2026\/03\/nuovo-pool-bar-aqualu-bardolino-thegem-portfolio-metro.jpg 1x\" data-sizes=\"100vw\"> <img data-src=\"https:\/\/www.aqualuxhotel.com\/wp-content\/uploads\/2026\/03\/nuovo-pool-bar-aqualu-bardolino-thegem-portfolio-metro.jpg\" width=\"889\" height=\"500\" class=\"attachment-thegem-portfolio-metro lazyload\" alt=\"nuovo pool bar aqualu bardolino\" src=\"data:image\/svg+xml;base64,PHN2ZyB3aWR0aD0iMSIgaGVpZ2h0PSIxIiB4bWxucz0iaHR0cDovL3d3dy53My5vcmcvMjAwMC9zdmciPjwvc3ZnPg==\" style=\"--smush-placeholder-width: 889px; --smush-placeholder-aspect-ratio: 889\/500;\" \/> <\/picture> <\/div> <div class=\"overlay \"> <div class=\"overlay-circle\"><\/div> <a href=\"https:\/\/www.aqualuxhotel.com\/wp-content\/uploads\/2026\/03\/nuovo-pool-bar-aqualu-bardolino.jpg\" class=\"gallery-item-link fancy-gallery\" data-fancybox=\"gallery-69f5853a3bfbd\" aria-label=\"Fullsize Image: nuovo pool bar aqualu bardolino\"> <span class=\"slide-info\"> <\/span> <\/a> <div class=\"overlay-content\"> <div class=\"overlay-content-center\"> <div class=\"overlay-content-inner\"> <a href=\"https:\/\/www.aqualuxhotel.com\/wp-content\/uploads\/2026\/03\/nuovo-pool-bar-aqualu-bardolino.jpg\" class=\"icon photo \" aria-label=\"Fullsize Image: nuovo pool bar aqualu bardolino\"> <\/a> <div class=\"overlay-line\"><\/div> <\/div> <\/div> <\/div> <\/div> <\/div> <\/div> <\/li> <li class=\"gallery-item gallery-0 col-xs-12 col-sm-6 columns-desktop-5 item-animations-not-inited single-icon post-13676 page type-page status-publish\" style=\"\"> <div class=\"wrap gem-wrapbox-style-default\"> <div class=\"overlay-wrap\"> <div class=\"image-wrap \"> <picture> <source data-srcset=\"https:\/\/www.aqualuxhotel.com\/wp-content\/uploads\/2022\/03\/pool-bar-aqualux-hotel-1-thegem-portfolio-metro.jpg 1x\" data-sizes=\"100vw\"> <img data-src=\"https:\/\/www.aqualuxhotel.com\/wp-content\/uploads\/2022\/03\/pool-bar-aqualux-hotel-1-thegem-portfolio-metro.jpg\" width=\"889\" height=\"500\" class=\"attachment-thegem-portfolio-metro lazyload\" alt=\"pool bar aqualux hotel\" src=\"data:image\/svg+xml;base64,PHN2ZyB3aWR0aD0iMSIgaGVpZ2h0PSIxIiB4bWxucz0iaHR0cDovL3d3dy53My5vcmcvMjAwMC9zdmciPjwvc3ZnPg==\" style=\"--smush-placeholder-width: 889px; --smush-placeholder-aspect-ratio: 889\/500;\" \/> <\/picture> <\/div> <div class=\"overlay \"> <div class=\"overlay-circle\"><\/div> <a href=\"https:\/\/www.aqualuxhotel.com\/wp-content\/uploads\/2022\/03\/pool-bar-aqualux-hotel-1.jpg\" class=\"gallery-item-link fancy-gallery\" data-fancybox=\"gallery-69f5853a3bfbd\" aria-label=\"Fullsize Image: pool bar aqualux hotel\"> <span class=\"slide-info\"> <\/span> <\/a> <div class=\"overlay-content\"> <div class=\"overlay-content-center\"> <div class=\"overlay-content-inner\"> <a href=\"https:\/\/www.aqualuxhotel.com\/wp-content\/uploads\/2022\/03\/pool-bar-aqualux-hotel-1.jpg\" class=\"icon photo \" aria-label=\"Fullsize Image: pool bar aqualux hotel\"> <\/a> <div class=\"overlay-line\"><\/div> <\/div> <\/div> <\/div> <\/div> <\/div> <\/div> <\/li> <li class=\"gallery-item gallery-0 col-xs-12 col-sm-6 columns-desktop-5 item-animations-not-inited single-icon post-13676 page type-page status-publish\" style=\"\"> <div class=\"wrap gem-wrapbox-style-default\"> <div class=\"overlay-wrap\"> <div class=\"image-wrap \"> <picture> <source data-srcset=\"https:\/\/www.aqualuxhotel.com\/wp-content\/uploads\/2026\/03\/nuovo-render-pool-bar-aqualux-hotel-bardolino-thegem-portfolio-metro.jpg 1x\" data-sizes=\"100vw\"> <img data-src=\"https:\/\/www.aqualuxhotel.com\/wp-content\/uploads\/2026\/03\/nuovo-render-pool-bar-aqualux-hotel-bardolino-thegem-portfolio-metro.jpg\" width=\"889\" height=\"500\" class=\"attachment-thegem-portfolio-metro lazyload\" alt=\"nuovo render pool bar aqualux hotel bardolino\" src=\"data:image\/svg+xml;base64,PHN2ZyB3aWR0aD0iMSIgaGVpZ2h0PSIxIiB4bWxucz0iaHR0cDovL3d3dy53My5vcmcvMjAwMC9zdmciPjwvc3ZnPg==\" style=\"--smush-placeholder-width: 889px; --smush-placeholder-aspect-ratio: 889\/500;\" \/> <\/picture> <\/div> <div class=\"overlay \"> <div class=\"overlay-circle\"><\/div> <a href=\"https:\/\/www.aqualuxhotel.com\/wp-content\/uploads\/2026\/03\/nuovo-render-pool-bar-aqualux-hotel-bardolino.jpg\" class=\"gallery-item-link fancy-gallery\" data-fancybox=\"gallery-69f5853a3bfbd\" aria-label=\"Fullsize Image: nuovo render pool bar aqualux hotel bardolino\"> <span class=\"slide-info\"> <\/span> <\/a> <div class=\"overlay-content\"> <div class=\"overlay-content-center\"> <div class=\"overlay-content-inner\"> <a href=\"https:\/\/www.aqualuxhotel.com\/wp-content\/uploads\/2026\/03\/nuovo-render-pool-bar-aqualux-hotel-bardolino.jpg\" class=\"icon photo \" aria-label=\"Fullsize Image: nuovo render pool bar aqualux hotel bardolino\"> <\/a> <div class=\"overlay-line\"><\/div> <\/div> <\/div> <\/div> <\/div> <\/div> <\/div> <\/li> <li class=\"gallery-item gallery-0 col-xs-12 col-sm-6 columns-desktop-5 item-animations-not-inited single-icon post-13676 page type-page status-publish\" style=\"\"> <div class=\"wrap gem-wrapbox-style-default\"> <div class=\"overlay-wrap\"> <div class=\"image-wrap \"> <picture> <source data-srcset=\"https:\/\/www.aqualuxhotel.com\/wp-content\/uploads\/2022\/03\/aqualuxhotel-bardolino-pool-bar-thegem-portfolio-metro.jpg 1x\" data-sizes=\"100vw\"> <img data-src=\"https:\/\/www.aqualuxhotel.com\/wp-content\/uploads\/2022\/03\/aqualuxhotel-bardolino-pool-bar-thegem-portfolio-metro.jpg\" width=\"281\" height=\"500\" class=\"attachment-thegem-portfolio-metro lazyload\" alt=\"aqualuxhotel bardolino pool bar\" src=\"data:image\/svg+xml;base64,PHN2ZyB3aWR0aD0iMSIgaGVpZ2h0PSIxIiB4bWxucz0iaHR0cDovL3d3dy53My5vcmcvMjAwMC9zdmciPjwvc3ZnPg==\" style=\"--smush-placeholder-width: 281px; --smush-placeholder-aspect-ratio: 281\/500;\" \/> <\/picture> <\/div> <div class=\"overlay \"> <div class=\"overlay-circle\"><\/div> <a href=\"https:\/\/www.aqualuxhotel.com\/wp-content\/uploads\/2022\/03\/aqualuxhotel-bardolino-pool-bar.jpg\" class=\"gallery-item-link fancy-gallery\" data-fancybox=\"gallery-69f5853a3bfbd\" aria-label=\"Fullsize Image: aqualuxhotel bardolino pool bar\"> <span class=\"slide-info\"> <\/span> <\/a> <div class=\"overlay-content\"> <div class=\"overlay-content-center\"> <div class=\"overlay-content-inner\"> <a href=\"https:\/\/www.aqualuxhotel.com\/wp-content\/uploads\/2022\/03\/aqualuxhotel-bardolino-pool-bar.jpg\" class=\"icon photo \" aria-label=\"Fullsize Image: aqualuxhotel bardolino pool bar\"> <\/a> <div class=\"overlay-line\"><\/div> <\/div> <\/div> <\/div> <\/div> <\/div> <\/div> <\/li> <\/ul> <div class=\"portfolio-item-size-container\"> <li class=\"gallery-item size-item col-xs-12 col-sm-6 columns-desktop-5 post-13676 page type-page status-publish\" style=\"\"> <\/li> <\/div> <\/div> <\/div> <\/div> <\/div>[\/vc_column][\/vc_row]\n<\/div>","protected":false},"excerpt":{"rendered":"<p>[vc_row][vc_column][vc_column_text]Im Inneren des Wasserparks, umgeben von einem prachtvollen Garten, k\u00f6nnen Sie, w\u00e4hrend der Sommermonate an der Pool-Bar eine reiche Auswahl&#8230;<\/p>\n","protected":false},"author":1,"featured_media":0,"parent":0,"menu_order":0,"comment_status":"closed","ping_status":"closed","template":"","meta":{"_acf_changed":false,"inline_featured_image":false,"footnotes":""},"class_list":["post-13676","page","type-page","status-publish"],"acf":[],"yoast_head":"<!-- This site is optimized with the Yoast SEO plugin v27.5 - https:\/\/yoast.com\/product\/yoast-seo-wordpress\/ -->\n<title>4-Sterne-Hotel Bardolino mit Wellness-Center Cocktail-Bar<\/title>\n<meta name=\"description\" content=\"4-Sterne-Hotel Bardolino mit Wellness-Center Cocktail-Bar: Die \u201eSparkling Lounge\u201c ist der ideale Ort zum Erleben. Erfahren Sie eine neue Kultur des Trinkens\" \/>\n<meta name=\"robots\" content=\"index, follow, max-snippet:-1, max-image-preview:large, max-video-preview:-1\" \/>\n<link rel=\"canonical\" href=\"https:\/\/www.aqualuxhotel.com\/de\/pool-bar\/\" \/>\n<meta property=\"og:locale\" content=\"de_DE\" \/>\n<meta property=\"og:type\" content=\"article\" \/>\n<meta property=\"og:title\" content=\"4-Sterne-Hotel Bardolino mit Wellness-Center Cocktail-Bar\" \/>\n<meta property=\"og:description\" content=\"4-Sterne-Hotel Bardolino mit Wellness-Center Cocktail-Bar: Die \u201eSparkling Lounge\u201c ist der ideale Ort zum Erleben. Erfahren Sie eine neue Kultur des Trinkens\" \/>\n<meta property=\"og:url\" content=\"https:\/\/www.aqualuxhotel.com\/de\/pool-bar\/\" \/>\n<meta property=\"og:site_name\" content=\"Aqualux Hotel Suite &amp; SPA 4*\" \/>\n<meta property=\"article:modified_time\" content=\"2022-04-06T10:18:43+00:00\" \/>\n<meta name=\"twitter:card\" content=\"summary_large_image\" \/>\n<meta name=\"twitter:label1\" content=\"Gesch\u00e4tzte Lesezeit\" \/>\n\t<meta name=\"twitter:data1\" content=\"1\u00a0Minute\" \/>\n<script type=\"application\/ld+json\" class=\"yoast-schema-graph\">{\"@context\":\"https:\\\/\\\/schema.org\",\"@graph\":[{\"@type\":\"WebPage\",\"@id\":\"https:\\\/\\\/www.aqualuxhotel.com\\\/de\\\/pool-bar\\\/\",\"url\":\"https:\\\/\\\/www.aqualuxhotel.com\\\/de\\\/pool-bar\\\/\",\"name\":\"4-Sterne-Hotel Bardolino mit Wellness-Center Cocktail-Bar\",\"isPartOf\":{\"@id\":\"https:\\\/\\\/www.aqualuxhotel.com\\\/de\\\/#website\"},\"datePublished\":\"2022-03-28T08:45:09+00:00\",\"dateModified\":\"2022-04-06T10:18:43+00:00\",\"description\":\"4-Sterne-Hotel Bardolino mit Wellness-Center Cocktail-Bar: Die \u201eSparkling Lounge\u201c ist der ideale Ort zum Erleben. Erfahren Sie eine neue Kultur des Trinkens\",\"breadcrumb\":{\"@id\":\"https:\\\/\\\/www.aqualuxhotel.com\\\/de\\\/pool-bar\\\/#breadcrumb\"},\"inLanguage\":\"de\",\"potentialAction\":[{\"@type\":\"ReadAction\",\"target\":[\"https:\\\/\\\/www.aqualuxhotel.com\\\/de\\\/pool-bar\\\/\"]}]},{\"@type\":\"BreadcrumbList\",\"@id\":\"https:\\\/\\\/www.aqualuxhotel.com\\\/de\\\/pool-bar\\\/#breadcrumb\",\"itemListElement\":[{\"@type\":\"ListItem\",\"position\":1,\"name\":\"Home\",\"item\":\"https:\\\/\\\/www.aqualuxhotel.com\\\/de\\\/\"},{\"@type\":\"ListItem\",\"position\":2,\"name\":\"Pool Bar\"}]},{\"@type\":\"WebSite\",\"@id\":\"https:\\\/\\\/www.aqualuxhotel.com\\\/de\\\/#website\",\"url\":\"https:\\\/\\\/www.aqualuxhotel.com\\\/de\\\/\",\"name\":\"Aqualux Hotel Suite &amp; SPA 4*\",\"description\":\"- Bardolino - Lago di Garda\u200e\",\"publisher\":{\"@id\":\"https:\\\/\\\/www.aqualuxhotel.com\\\/de\\\/#organization\"},\"potentialAction\":[{\"@type\":\"SearchAction\",\"target\":{\"@type\":\"EntryPoint\",\"urlTemplate\":\"https:\\\/\\\/www.aqualuxhotel.com\\\/de\\\/?s={search_term_string}\"},\"query-input\":{\"@type\":\"PropertyValueSpecification\",\"valueRequired\":true,\"valueName\":\"search_term_string\"}}],\"inLanguage\":\"de\"},{\"@type\":\"Organization\",\"@id\":\"https:\\\/\\\/www.aqualuxhotel.com\\\/de\\\/#organization\",\"name\":\"Aqualux Hotel Suite &amp; SPA 4*\",\"url\":\"https:\\\/\\\/www.aqualuxhotel.com\\\/de\\\/\",\"logo\":{\"@type\":\"ImageObject\",\"inLanguage\":\"de\",\"@id\":\"https:\\\/\\\/www.aqualuxhotel.com\\\/de\\\/#\\\/schema\\\/logo\\\/image\\\/\",\"url\":\"https:\\\/\\\/www.aqualuxhotel.com\\\/wp-content\\\/uploads\\\/2021\\\/09\\\/aqualuxhotelspasuitebardolino_1-1.svg\",\"contentUrl\":\"https:\\\/\\\/www.aqualuxhotel.com\\\/wp-content\\\/uploads\\\/2021\\\/09\\\/aqualuxhotelspasuitebardolino_1-1.svg\",\"width\":\"1024\",\"height\":\"1024\",\"caption\":\"Aqualux Hotel Suite &amp; SPA 4*\"},\"image\":{\"@id\":\"https:\\\/\\\/www.aqualuxhotel.com\\\/de\\\/#\\\/schema\\\/logo\\\/image\\\/\"}}]}<\/script>\n<!-- \/ Yoast SEO plugin. -->","yoast_head_json":{"title":"4-Sterne-Hotel Bardolino mit Wellness-Center Cocktail-Bar","description":"4-Sterne-Hotel Bardolino mit Wellness-Center Cocktail-Bar: Die \u201eSparkling Lounge\u201c ist der ideale Ort zum Erleben. Erfahren Sie eine neue Kultur des Trinkens","robots":{"index":"index","follow":"follow","max-snippet":"max-snippet:-1","max-image-preview":"max-image-preview:large","max-video-preview":"max-video-preview:-1"},"canonical":"https:\/\/www.aqualuxhotel.com\/de\/pool-bar\/","og_locale":"de_DE","og_type":"article","og_title":"4-Sterne-Hotel Bardolino mit Wellness-Center Cocktail-Bar","og_description":"4-Sterne-Hotel Bardolino mit Wellness-Center Cocktail-Bar: Die \u201eSparkling Lounge\u201c ist der ideale Ort zum Erleben. Erfahren Sie eine neue Kultur des Trinkens","og_url":"https:\/\/www.aqualuxhotel.com\/de\/pool-bar\/","og_site_name":"Aqualux Hotel Suite &amp; SPA 4*","article_modified_time":"2022-04-06T10:18:43+00:00","twitter_card":"summary_large_image","twitter_misc":{"Gesch\u00e4tzte Lesezeit":"1\u00a0Minute"},"schema":{"@context":"https:\/\/schema.org","@graph":[{"@type":"WebPage","@id":"https:\/\/www.aqualuxhotel.com\/de\/pool-bar\/","url":"https:\/\/www.aqualuxhotel.com\/de\/pool-bar\/","name":"4-Sterne-Hotel Bardolino mit Wellness-Center Cocktail-Bar","isPartOf":{"@id":"https:\/\/www.aqualuxhotel.com\/de\/#website"},"datePublished":"2022-03-28T08:45:09+00:00","dateModified":"2022-04-06T10:18:43+00:00","description":"4-Sterne-Hotel Bardolino mit Wellness-Center Cocktail-Bar: Die \u201eSparkling Lounge\u201c ist der ideale Ort zum Erleben. Erfahren Sie eine neue Kultur des Trinkens","breadcrumb":{"@id":"https:\/\/www.aqualuxhotel.com\/de\/pool-bar\/#breadcrumb"},"inLanguage":"de","potentialAction":[{"@type":"ReadAction","target":["https:\/\/www.aqualuxhotel.com\/de\/pool-bar\/"]}]},{"@type":"BreadcrumbList","@id":"https:\/\/www.aqualuxhotel.com\/de\/pool-bar\/#breadcrumb","itemListElement":[{"@type":"ListItem","position":1,"name":"Home","item":"https:\/\/www.aqualuxhotel.com\/de\/"},{"@type":"ListItem","position":2,"name":"Pool Bar"}]},{"@type":"WebSite","@id":"https:\/\/www.aqualuxhotel.com\/de\/#website","url":"https:\/\/www.aqualuxhotel.com\/de\/","name":"Aqualux Hotel Suite &amp; SPA 4*","description":"- Bardolino - Lago di Garda\u200e","publisher":{"@id":"https:\/\/www.aqualuxhotel.com\/de\/#organization"},"potentialAction":[{"@type":"SearchAction","target":{"@type":"EntryPoint","urlTemplate":"https:\/\/www.aqualuxhotel.com\/de\/?s={search_term_string}"},"query-input":{"@type":"PropertyValueSpecification","valueRequired":true,"valueName":"search_term_string"}}],"inLanguage":"de"},{"@type":"Organization","@id":"https:\/\/www.aqualuxhotel.com\/de\/#organization","name":"Aqualux Hotel Suite &amp; SPA 4*","url":"https:\/\/www.aqualuxhotel.com\/de\/","logo":{"@type":"ImageObject","inLanguage":"de","@id":"https:\/\/www.aqualuxhotel.com\/de\/#\/schema\/logo\/image\/","url":"https:\/\/www.aqualuxhotel.com\/wp-content\/uploads\/2021\/09\/aqualuxhotelspasuitebardolino_1-1.svg","contentUrl":"https:\/\/www.aqualuxhotel.com\/wp-content\/uploads\/2021\/09\/aqualuxhotelspasuitebardolino_1-1.svg","width":"1024","height":"1024","caption":"Aqualux Hotel Suite &amp; SPA 4*"},"image":{"@id":"https:\/\/www.aqualuxhotel.com\/de\/#\/schema\/logo\/image\/"}}]}},"publishpress_future_action":{"enabled":false,"date":"2026-05-09 07:01:46","action":"change-status","newStatus":"draft","terms":[],"taxonomy":"translation_priority","extraData":[]},"publishpress_future_workflow_manual_trigger":{"enabledWorkflows":[]},"_links":{"self":[{"href":"https:\/\/www.aqualuxhotel.com\/de\/wp-json\/wp\/v2\/pages\/13676","targetHints":{"allow":["GET"]}}],"collection":[{"href":"https:\/\/www.aqualuxhotel.com\/de\/wp-json\/wp\/v2\/pages"}],"about":[{"href":"https:\/\/www.aqualuxhotel.com\/de\/wp-json\/wp\/v2\/types\/page"}],"author":[{"embeddable":true,"href":"https:\/\/www.aqualuxhotel.com\/de\/wp-json\/wp\/v2\/users\/1"}],"replies":[{"embeddable":true,"href":"https:\/\/www.aqualuxhotel.com\/de\/wp-json\/wp\/v2\/comments?post=13676"}],"version-history":[{"count":3,"href":"https:\/\/www.aqualuxhotel.com\/de\/wp-json\/wp\/v2\/pages\/13676\/revisions"}],"predecessor-version":[{"id":17807,"href":"https:\/\/www.aqualuxhotel.com\/de\/wp-json\/wp\/v2\/pages\/13676\/revisions\/17807"}],"wp:attachment":[{"href":"https:\/\/www.aqualuxhotel.com\/de\/wp-json\/wp\/v2\/media?parent=13676"}],"curies":[{"name":"wp","href":"https:\/\/api.w.org\/{rel}","templated":true}]}}