{"id":5274,"date":"2017-09-05T06:52:14","date_gmt":"2017-09-05T04:52:14","guid":{"rendered":"http:\/\/www.aqualuxhotel.com\/?page_id=5274"},"modified":"2024-03-27T11:29:53","modified_gmt":"2024-03-27T10:29:53","slug":"aqualux-hotel-spa-4-sterne-bardolino-am-gardasee","status":"publish","type":"page","link":"https:\/\/www.aqualuxhotel.com\/de\/aqualux-hotel-spa-4-sterne-bardolino-am-gardasee\/","title":{"rendered":"Hotel"},"content":{"rendered":"<div class=\"wpb-content-wrapper\">[vc_row full_width=&#8220;stretch_row&#8220; css=&#8220;.vc_custom_1647257846380{background-image: url(http:\/\/www.aqualuxhotel.com\/wp-content\/uploads\/2022\/01\/aqualux-camere.jpg?id=13729) !important;background-position: center !important;background-repeat: no-repeat !important;background-size: cover !important;}&#8220;][vc_column][vc_empty_space height=&#8220;200px&#8220;][vc_column_text css_animation=&#8220;slideInUp&#8220;]\n<blockquote>\n<h4>WASSER, LICHT UND GR\u00dcN<\/h4>\n<h5>F\u00dcR EINEN WOHLTUENDEN, ZEITGEM\u00c4SSEN BIO CHARME<\/h5>\n<\/blockquote>\n[\/vc_column_text][vc_empty_space height=&#8220;200px&#8220;][\/vc_column][\/vc_row][vc_row][vc_column][vc_empty_space height=&#8220;50px&#8220;][vc_column_text]Das v\u00f6llig umweltfreundlich gestaltete Hotel ist nur wenige Fu\u00dfminuten vom reizenden St\u00e4dtchen Bardolino, mit seiner gepflegten Strandpromenade, entfernt. Bardolino liegt am Veroneser Ufer des Gardasees und von hier aus sind es lediglich 25 Kilometer bis zur bezaubernden Altstadt von Verona. Die romantische Stadt wurde bereits von William Shakespeare gepriesen und ist weltweit ber\u00fchmt f\u00fcr das allj\u00e4hrlich in der Arena stattfindende Opernfestival.<\/p>\n<p>Das Hotel verf\u00fcgt \u00fcber <strong>125 Zimmer<\/strong>, davon<strong> 18 Suiten<\/strong>, die in sanften Erdt\u00f6nen gehalten sind, die f\u00fcr ein nat\u00fcrliches Wohlf\u00fchlambiente sorgen. Alle Zimmer sind sehr gro\u00dfz\u00fcgig gestaltet und der Gro\u00dfteil verf\u00fcgt \u00fcber einen Balkon. Unsere R\u00e4umlichkeiten strahlen eine entspannende Atmosph\u00e4re aus die unbeschwerte Urlaubstage garantieren. Die geothermischen Systeme erwecken das Gef\u00fchl im Einklang mit der Natur zu leben. In den 6 Round Suiten, die mit einem kreisf\u00f6rmigen Bett ausgestattet sind, gibt es eine runde Jacuzzi-Badewanne, die vom Schlafzimmer aus einsehbar ist.<\/p>\n<p>Mit einer Fl\u00e4che von <strong>17.000 m2, 125 Zimmern und Suiten, 8 Schwimmbecken, SPA und Fitnesscenter<\/strong> z\u00e4hlt das Aqualux Spa &amp; Suite Hotel in Bardolino zu den \u00e4sthetischsten und attraktivsten Hotels am Gardasee. Wenn Sie sich f\u00fcr einen Besuch bei uns entscheiden, erwartet Sie ein erstklassiger, sympathischer Service, der Ihre Erwartungen \u00fcbertreffen wird.<br \/>\nWir warten auf Sie![\/vc_column_text][vc_empty_space height=&#8220;30px&#8220;][\/vc_column][\/vc_row][vc_row][vc_column width=&#8220;1\/2&#8243;]<div id=\"section-17696\" class=\"el-1253713077623d843ff2aa0 ss-element gusta-section-vc-element Laden Sie unsere Brosch\u00fcre\"><div class=\"section-container\">[vc_row css=\".vc_custom_1648199563024{margin-top: 10px !important;margin-right: 10px !important;margin-bottom: 10px !important;margin-left: 10px !important;}\"][vc_column]<div class=\"gem-textbox \"  ><div class=\"gem-textbox-inner\" style=\"\"><div class=\"gem-textbox-content\" style=\"background-color: #e5dfdb;background-position: center top;\"><div class=\"gem-alert-box\"><div class=\"gem-alert-inner\"><div class=\"gem-alert-box-picture\"><div class=\"gem-icon gem-icon-pack-material gem-icon-size-medium  gem-icon-shape-square gem-simple-icon \"  style=\"opacity: 1;\"><div class=\"gem-icon-inner\" style=\"\"><span class=\"gem-icon-half-1\" style=\"color: #729aa7;\"><span class=\"back-angle\">&#xf299;<\/span><\/span><span class=\"gem-icon-half-2\" style=\"color: #729aa7;\"><span class=\"back-angle\">&#xf299;<\/span><\/span><\/div><\/div><\/div><div class=\"gem-alert-box-content\">[vc_column_text css_animation=\"none\"]\r\n<p style=\"text-align: center;\"><span style=\"color: #3b3535; font-size: 20px;\">BROCHURE<\/span><\/p>\r\n[\/vc_column_text]<\/div><div class=\"gem-alert-box-buttons\"><div class=\"gem-button-container gem-button-position-center thegem-button-69d654f8186af3712    \"  ><a class=\"gem-button gem-button-size-small gem-button-style-flat gem-button-text-weight-normal\" data-ll-effect=\"drop-right-without-wrap\" style=\"border-radius: 3px;background-color: #729aa7;\" onmouseleave=\"this.style.backgroundColor='#729aa7';\" onmouseenter=\"this.style.backgroundColor='#b9c9c6';\" href=\"https:\/\/www.aqualuxhotel.com\/wp-content\/uploads\/2022\/03\/Brochure-Aqualux.pdf\" target=\"_blank\">DOWNLOAD<\/a><\/div> <\/div><\/div><\/div><\/div><\/div><\/div>[\/vc_column][\/vc_row]<\/div><\/div>[\/vc_column][vc_column width=&#8220;1\/2&#8243;]<div id=\"section-17675\" class=\"el-631638001623d81e4d004b ss-element gusta-section-vc-element \"><div class=\"section-container\">[vc_row css=\".vc_custom_1648199578911{margin-top: 10px !important;margin-right: 10px !important;margin-bottom: 10px !important;margin-left: 10px !important;}\"][vc_column]<div class=\"gem-textbox \"  ><div class=\"gem-textbox-inner\" style=\"\"><div class=\"gem-textbox-content\" style=\"background-color: #e5dfdb;background-position: center top;\"><div class=\"gem-alert-box\"><div class=\"gem-alert-inner\"><div class=\"gem-alert-box-picture\"><div class=\"gem-icon gem-icon-pack-material gem-icon-size-medium  gem-icon-shape-square gem-simple-icon \"  style=\"opacity: 1;\"><div class=\"gem-icon-inner\" style=\"\"><span class=\"gem-icon-half-1\" style=\"color: #729aa7;\"><span class=\"back-angle\">&#xf221;<\/span><\/span><span class=\"gem-icon-half-2\" style=\"color: #729aa7;\"><span class=\"back-angle\">&#xf221;<\/span><\/span><\/div><\/div><\/div><div class=\"gem-alert-box-content\">[vc_column_text css_animation=\"none\"]\r\n<p style=\"text-align: center;\"><span style=\"color: #3b3535; font-size: 20px;\">FAHRPL\u00c4NE UND EINTRITT<\/span><\/p>\r\n[\/vc_column_text]<\/div><div class=\"gem-alert-box-buttons\"><div class=\"gem-button-container gem-button-position-center thegem-button-69d654f818d328721    \"  ><a class=\"gem-button gem-button-size-small gem-button-style-flat gem-button-text-weight-normal\" data-ll-effect=\"drop-right-without-wrap\" style=\"border-radius: 3px;background-color: #729aa7;\" onmouseleave=\"this.style.backgroundColor='#729aa7';\" onmouseenter=\"this.style.backgroundColor='#b9c9c6';\" href=\"https:\/\/www.aqualuxhotel.com\/wp-content\/uploads\/2025\/10\/ORARI-AUTUNNO_DAL-6-OTTOBRE.pdf\" target=\"_blank\">WEITERLESEN<\/a><\/div> <\/div><\/div><\/div><\/div><\/div><\/div>[\/vc_column][\/vc_row]<\/div><\/div>[\/vc_column][\/vc_row][vc_row][vc_column width=&#8220;1\/4&#8243;][\/vc_column][vc_column width=&#8220;1\/2&#8243;]<div id=\"section-17684\" class=\"el-35940173623d88909120c ss-element gusta-section-vc-element \"><div class=\"section-container\">[vc_row css=\".vc_custom_1648199563024{margin-top: 10px !important;margin-right: 10px !important;margin-bottom: 10px !important;margin-left: 10px !important;}\"][vc_column]<div class=\"gem-textbox \"  ><div class=\"gem-textbox-inner\" style=\"\"><div class=\"gem-textbox-content\" style=\"background-color: #e5dfdb;background-position: center top;\"><div class=\"gem-alert-box\"><div class=\"gem-alert-inner\"><div class=\"gem-alert-box-picture\"><div class=\"gem-icon gem-icon-pack-material gem-icon-size-medium  gem-icon-shape-square gem-simple-icon \"  style=\"opacity: 1;\"><div class=\"gem-icon-inner\" style=\"\"><span class=\"gem-icon-half-1\" style=\"color: #729aa7;\"><span class=\"back-angle\">&#xf154;<\/span><\/span><span class=\"gem-icon-half-2\" style=\"color: #729aa7;\"><span class=\"back-angle\">&#xf154;<\/span><\/span><\/div><\/div><\/div><div class=\"gem-alert-box-content\">[vc_column_text css_animation=\"none\"]\r\n<p style=\"text-align: center;\"><span style=\"color: #3b3535; font-size: 20px;\">THERMISCHE BEHANDLUNGEN<\/span><\/p>\r\n[\/vc_column_text]<\/div><div class=\"gem-alert-box-buttons\"><div class=\"gem-button-container gem-button-position-center thegem-button-69d654f8193367764    \"  ><a class=\"gem-button gem-button-size-small gem-button-style-flat gem-button-text-weight-normal\" data-ll-effect=\"drop-right-without-wrap\" style=\"border-radius: 3px;background-color: #729aa7;\" onmouseleave=\"this.style.backgroundColor='#729aa7';\" onmouseenter=\"this.style.backgroundColor='#b9c9c6';\" href=\"https:\/\/www.aqualuxthermae.com\/\" target=\"_blank\">ENTDECKEN<\/a><\/div> <\/div><\/div><\/div><\/div><\/div><\/div>[\/vc_column][\/vc_row]<\/div><\/div>[\/vc_column][vc_column width=&#8220;1\/4&#8243;][\/vc_column][\/vc_row][vc_row full_width=&#8220;stretch_row&#8220; css=&#8220;.vc_custom_1642073468082{margin-top: 0px !important;margin-right: 0px !important;margin-bottom: 0px !important;margin-left: 0px !important;padding-top: 0px !important;padding-right: 0px !important;padding-bottom: 0px !important;padding-left: 0px !important;background-color: #b3acaa !important;}&#8220;][vc_column css=&#8220;.vc_custom_1642073450723{margin-top: 0px !important;margin-right: 0px !important;margin-bottom: 0px !important;margin-left: 0px !important;padding-top: 0px !important;padding-right: 0px !important;padding-bottom: 0px !important;padding-left: 0px !important;}&#8220;]<style>.gem-gallery-grid#style-69d654f81968e .gallery-item { padding: calc(0px\/2) !important; }.gem-gallery-grid#style-69d654f81968e .gallery-set { margin-top: calc(-0px\/2); margin-bottom: calc(-0px\/2); }.gem-gallery-grid#style-69d654f81968e .not-fullwidth-block .gallery-set, .gem-gallery-grid#style-69d654f81968e .not-fullwidth-block .portfolio-item-size-container { margin-left: calc(-0px\/2); margin-right: calc(-0px\/2); }.gem-gallery-grid#style-69d654f81968e .fullwidth-block { padding-left: calc(0px\/2); padding-right: calc(0px\/2); }.gem-gallery-grid#style-69d654f81968e .portfolio-filters { text-align: center }<\/style><div id=\"style-preloader-69d654f81968e\" class=\"preloader save-space\"><div class=\"preloader-spin\"><\/div><\/div> <div class=\"gallery-preloader-wrapper\"> <div class=\"row\"> <div id=\"style-69d654f81968e\" class=\"gem-gallery-grid col-lg-12 col-md-12 col-sm-12 gallery-style-metro hover-default loading-animation item-animation-move-up metro columns-4 columns-tablet-2 columns-mobile-1 metro-item-style-default \" data-hover=\"default\" data-uid=\"69d654f81968e\" data-filter=\"[]\"> <div class=\"portfolio not-fullwidth-block \"> <ul class=\"gallery-set clearfix\" data-max-row-height=\"0\"> <li class=\"gallery-item gallery-0 col-xs-12 col-sm-6 col-md-3 item-animations-not-inited single-icon post-5274 page type-page status-publish\" style=\"\"> <div class=\"wrap gem-wrapbox-style-default\"> <div class=\"overlay-wrap\"> <div class=\"image-wrap \"> <picture> <source data-srcset=\"https:\/\/www.aqualuxhotel.com\/wp-content\/uploads\/2022\/01\/61-scaled-thegem-portfolio-metro.jpg 1x\" data-sizes=\"100vw\"> <img data-src=\"https:\/\/www.aqualuxhotel.com\/wp-content\/uploads\/2022\/01\/61-scaled-thegem-portfolio-metro.jpg\" width=\"750\" height=\"500\" class=\"attachment-thegem-portfolio-metro lazyload\" alt=\"61\" src=\"data:image\/svg+xml;base64,PHN2ZyB3aWR0aD0iMSIgaGVpZ2h0PSIxIiB4bWxucz0iaHR0cDovL3d3dy53My5vcmcvMjAwMC9zdmciPjwvc3ZnPg==\" style=\"--smush-placeholder-width: 750px; --smush-placeholder-aspect-ratio: 750\/500;\" \/> <\/picture> <\/div> <div class=\"overlay \"> <div class=\"overlay-circle\"><\/div> <a href=\"https:\/\/www.aqualuxhotel.com\/wp-content\/uploads\/2022\/01\/61-scaled.jpg\" class=\"gallery-item-link fancy-gallery\" data-fancybox=\"gallery-69d654f81968e\" aria-label=\"Fullsize Image: 61\"> <span class=\"slide-info\"> <\/span> <\/a> <div class=\"overlay-content\"> <div class=\"overlay-content-center\"> <div class=\"overlay-content-inner\"> <a href=\"https:\/\/www.aqualuxhotel.com\/wp-content\/uploads\/2022\/01\/61-scaled.jpg\" class=\"icon photo \" aria-label=\"Fullsize Image: 61\"> <\/a> <div class=\"overlay-line\"><\/div> <\/div> <\/div> <\/div> <\/div> <\/div> <\/div> <\/li> <li class=\"gallery-item gallery-0 col-xs-12 col-sm-6 col-md-3 item-animations-not-inited single-icon post-5274 page type-page status-publish\" style=\"\"> <div class=\"wrap gem-wrapbox-style-default\"> <div class=\"overlay-wrap\"> <div class=\"image-wrap \"> <picture> <source data-srcset=\"https:\/\/www.aqualuxhotel.com\/wp-content\/uploads\/2022\/01\/aqualux-pool-thegem-portfolio-metro.jpg 1x\" data-sizes=\"100vw\"> <img data-src=\"https:\/\/www.aqualuxhotel.com\/wp-content\/uploads\/2022\/01\/aqualux-pool-thegem-portfolio-metro.jpg\" width=\"889\" height=\"500\" class=\"attachment-thegem-portfolio-metro lazyload\" alt=\"aqualux-pool\" src=\"data:image\/svg+xml;base64,PHN2ZyB3aWR0aD0iMSIgaGVpZ2h0PSIxIiB4bWxucz0iaHR0cDovL3d3dy53My5vcmcvMjAwMC9zdmciPjwvc3ZnPg==\" style=\"--smush-placeholder-width: 889px; --smush-placeholder-aspect-ratio: 889\/500;\" \/> <\/picture> <\/div> <div class=\"overlay \"> <div class=\"overlay-circle\"><\/div> <a href=\"https:\/\/www.aqualuxhotel.com\/wp-content\/uploads\/2022\/01\/aqualux-pool.jpg\" class=\"gallery-item-link fancy-gallery\" data-fancybox=\"gallery-69d654f81968e\" aria-label=\"Fullsize Image: aqualux-pool\"> <span class=\"slide-info\"> <\/span> <\/a> <div class=\"overlay-content\"> <div class=\"overlay-content-center\"> <div class=\"overlay-content-inner\"> <a href=\"https:\/\/www.aqualuxhotel.com\/wp-content\/uploads\/2022\/01\/aqualux-pool.jpg\" class=\"icon photo \" aria-label=\"Fullsize Image: aqualux-pool\"> <\/a> <div class=\"overlay-line\"><\/div> <\/div> <\/div> <\/div> <\/div> <\/div> <\/div> <\/li> <li class=\"gallery-item gallery-0 col-xs-12 col-sm-6 col-md-3 item-animations-not-inited single-icon post-5274 page type-page status-publish\" style=\"\"> <div class=\"wrap gem-wrapbox-style-default\"> <div class=\"overlay-wrap\"> <div class=\"image-wrap \"> <picture> <source data-srcset=\"https:\/\/www.aqualuxhotel.com\/wp-content\/uploads\/2022\/01\/AquaSpa_Wellness_zonawellness2-scaled-thegem-portfolio-metro.jpg 1x\" data-sizes=\"100vw\"> <img data-src=\"https:\/\/www.aqualuxhotel.com\/wp-content\/uploads\/2022\/01\/AquaSpa_Wellness_zonawellness2-scaled-thegem-portfolio-metro.jpg\" width=\"749\" height=\"500\" class=\"attachment-thegem-portfolio-metro lazyload\" alt=\"AquaSpa_Wellness_zonawellness2\" src=\"data:image\/svg+xml;base64,PHN2ZyB3aWR0aD0iMSIgaGVpZ2h0PSIxIiB4bWxucz0iaHR0cDovL3d3dy53My5vcmcvMjAwMC9zdmciPjwvc3ZnPg==\" style=\"--smush-placeholder-width: 749px; --smush-placeholder-aspect-ratio: 749\/500;\" \/> <\/picture> <\/div> <div class=\"overlay \"> <div class=\"overlay-circle\"><\/div> <a href=\"https:\/\/www.aqualuxhotel.com\/wp-content\/uploads\/2022\/01\/AquaSpa_Wellness_zonawellness2-scaled.jpg\" class=\"gallery-item-link fancy-gallery\" data-fancybox=\"gallery-69d654f81968e\" aria-label=\"Fullsize Image: AquaSpa_Wellness_zonawellness2\"> <span class=\"slide-info\"> <\/span> <\/a> <div class=\"overlay-content\"> <div class=\"overlay-content-center\"> <div class=\"overlay-content-inner\"> <a href=\"https:\/\/www.aqualuxhotel.com\/wp-content\/uploads\/2022\/01\/AquaSpa_Wellness_zonawellness2-scaled.jpg\" class=\"icon photo \" aria-label=\"Fullsize Image: AquaSpa_Wellness_zonawellness2\"> <\/a> <div class=\"overlay-line\"><\/div> <\/div> <\/div> <\/div> <\/div> <\/div> <\/div> <\/li> <li class=\"gallery-item gallery-0 col-xs-12 col-sm-6 col-md-3 item-animations-not-inited single-icon post-5274 page type-page status-publish\" style=\"\"> <div class=\"wrap gem-wrapbox-style-default\"> <div class=\"overlay-wrap\"> <div class=\"image-wrap \"> <picture> <source data-srcset=\"https:\/\/www.aqualuxhotel.com\/wp-content\/uploads\/2022\/02\/aqualux-aquaroom-view-thegem-portfolio-metro.jpg 1x\" data-sizes=\"100vw\"> <img data-src=\"https:\/\/www.aqualuxhotel.com\/wp-content\/uploads\/2022\/02\/aqualux-aquaroom-view-thegem-portfolio-metro.jpg\" width=\"749\" height=\"500\" class=\"attachment-thegem-portfolio-metro lazyload\" alt=\"aqualux-aquaroom-view\" src=\"data:image\/svg+xml;base64,PHN2ZyB3aWR0aD0iMSIgaGVpZ2h0PSIxIiB4bWxucz0iaHR0cDovL3d3dy53My5vcmcvMjAwMC9zdmciPjwvc3ZnPg==\" style=\"--smush-placeholder-width: 749px; --smush-placeholder-aspect-ratio: 749\/500;\" \/> <\/picture> <\/div> <div class=\"overlay \"> <div class=\"overlay-circle\"><\/div> <a href=\"https:\/\/www.aqualuxhotel.com\/wp-content\/uploads\/2022\/02\/aqualux-aquaroom-view.jpg\" class=\"gallery-item-link fancy-gallery\" data-fancybox=\"gallery-69d654f81968e\" aria-label=\"Fullsize Image: aqualux-aquaroom-view\"> <span class=\"slide-info\"> <\/span> <\/a> <div class=\"overlay-content\"> <div class=\"overlay-content-center\"> <div class=\"overlay-content-inner\"> <a href=\"https:\/\/www.aqualuxhotel.com\/wp-content\/uploads\/2022\/02\/aqualux-aquaroom-view.jpg\" class=\"icon photo \" aria-label=\"Fullsize Image: aqualux-aquaroom-view\"> <\/a> <div class=\"overlay-line\"><\/div> <\/div> <\/div> <\/div> <\/div> <\/div> <\/div> <\/li> <\/ul> <div class=\"portfolio-item-size-container\"> <li class=\"gallery-item size-item col-xs-12 col-sm-6 col-md-3 post-5274 page type-page status-publish\" style=\"\"> <\/li> <\/div> <\/div> <\/div> <\/div> <\/div>[\/vc_column][\/vc_row]\n<\/div>","protected":false},"excerpt":{"rendered":"<p>[vc_row full_width=&#8220;stretch_row&#8220; css=&#8220;.vc_custom_1647257846380{background-image: url(http:\/\/www.aqualuxhotel.com\/wp-content\/uploads\/2022\/01\/aqualux-camere.jpg?id=13729) !important;background-position: center !important;background-repeat: no-repeat !important;background-size: cover !important;}&#8220;][vc_column][vc_empty_space height=&#8220;200px&#8220;][vc_column_text css_animation=&#8220;slideInUp&#8220;] WASSER, LICHT UND GR\u00dcN F\u00dcR EINEN WOHLTUENDEN,&#8230;<\/p>\n","protected":false},"author":1,"featured_media":0,"parent":0,"menu_order":0,"comment_status":"closed","ping_status":"closed","template":"","meta":{"_acf_changed":false,"inline_featured_image":false,"footnotes":""},"class_list":["post-5274","page","type-page","status-publish"],"acf":[],"yoast_head":"<!-- This site is optimized with the Yoast SEO plugin v27.3 - https:\/\/yoast.com\/product\/yoast-seo-wordpress\/ -->\n<title>Aqualux Hotel Spa 4 Sterne Bardolino am Gardasee<\/title>\n<meta name=\"description\" content=\"Aqualux Hotel Spa 4 Sterne Bardolino am Gardasee: Das komplett umweltfreundliche Hotel liegt nur wenige Minuten von der eleganten Ortschaft entfernt.\" \/>\n<meta name=\"robots\" content=\"index, follow, max-snippet:-1, max-image-preview:large, max-video-preview:-1\" \/>\n<link rel=\"canonical\" href=\"https:\/\/www.aqualuxhotel.com\/de\/aqualux-hotel-spa-4-sterne-bardolino-am-gardasee\/\" \/>\n<meta property=\"og:locale\" content=\"de_DE\" \/>\n<meta property=\"og:type\" content=\"article\" \/>\n<meta property=\"og:title\" content=\"Aqualux Hotel Spa 4 Sterne Bardolino am Gardasee\" \/>\n<meta property=\"og:description\" content=\"Aqualux Hotel Spa 4 Sterne Bardolino am Gardasee: Das komplett umweltfreundliche Hotel liegt nur wenige Minuten von der eleganten Ortschaft entfernt.\" \/>\n<meta property=\"og:url\" content=\"https:\/\/www.aqualuxhotel.com\/de\/aqualux-hotel-spa-4-sterne-bardolino-am-gardasee\/\" \/>\n<meta property=\"og:site_name\" content=\"Aqualux Hotel Suite &amp; SPA 4*\" \/>\n<meta property=\"article:modified_time\" content=\"2024-03-27T10:29:53+00:00\" \/>\n<meta name=\"twitter:card\" content=\"summary_large_image\" \/>\n<meta name=\"twitter:label1\" content=\"Gesch\u00e4tzte Lesezeit\" \/>\n\t<meta name=\"twitter:data1\" content=\"2\u00a0Minuten\" \/>\n<script type=\"application\/ld+json\" class=\"yoast-schema-graph\">{\"@context\":\"https:\\\/\\\/schema.org\",\"@graph\":[{\"@type\":\"WebPage\",\"@id\":\"https:\\\/\\\/www.aqualuxhotel.com\\\/de\\\/aqualux-hotel-spa-4-sterne-bardolino-am-gardasee\\\/\",\"url\":\"https:\\\/\\\/www.aqualuxhotel.com\\\/de\\\/aqualux-hotel-spa-4-sterne-bardolino-am-gardasee\\\/\",\"name\":\"Aqualux Hotel Spa 4 Sterne Bardolino am Gardasee\",\"isPartOf\":{\"@id\":\"https:\\\/\\\/www.aqualuxhotel.com\\\/de\\\/#website\"},\"datePublished\":\"2017-09-05T04:52:14+00:00\",\"dateModified\":\"2024-03-27T10:29:53+00:00\",\"description\":\"Aqualux Hotel Spa 4 Sterne Bardolino am Gardasee: Das komplett umweltfreundliche Hotel liegt nur wenige Minuten von der eleganten Ortschaft entfernt.\",\"breadcrumb\":{\"@id\":\"https:\\\/\\\/www.aqualuxhotel.com\\\/de\\\/aqualux-hotel-spa-4-sterne-bardolino-am-gardasee\\\/#breadcrumb\"},\"inLanguage\":\"de\",\"potentialAction\":[{\"@type\":\"ReadAction\",\"target\":[\"https:\\\/\\\/www.aqualuxhotel.com\\\/de\\\/aqualux-hotel-spa-4-sterne-bardolino-am-gardasee\\\/\"]}]},{\"@type\":\"BreadcrumbList\",\"@id\":\"https:\\\/\\\/www.aqualuxhotel.com\\\/de\\\/aqualux-hotel-spa-4-sterne-bardolino-am-gardasee\\\/#breadcrumb\",\"itemListElement\":[{\"@type\":\"ListItem\",\"position\":1,\"name\":\"Home\",\"item\":\"https:\\\/\\\/www.aqualuxhotel.com\\\/de\\\/\"},{\"@type\":\"ListItem\",\"position\":2,\"name\":\"Hotel\"}]},{\"@type\":\"WebSite\",\"@id\":\"https:\\\/\\\/www.aqualuxhotel.com\\\/de\\\/#website\",\"url\":\"https:\\\/\\\/www.aqualuxhotel.com\\\/de\\\/\",\"name\":\"Aqualux Hotel Suite &amp; SPA 4*\",\"description\":\"- Bardolino - Lago di Garda\u200e\",\"publisher\":{\"@id\":\"https:\\\/\\\/www.aqualuxhotel.com\\\/de\\\/#organization\"},\"potentialAction\":[{\"@type\":\"SearchAction\",\"target\":{\"@type\":\"EntryPoint\",\"urlTemplate\":\"https:\\\/\\\/www.aqualuxhotel.com\\\/de\\\/?s={search_term_string}\"},\"query-input\":{\"@type\":\"PropertyValueSpecification\",\"valueRequired\":true,\"valueName\":\"search_term_string\"}}],\"inLanguage\":\"de\"},{\"@type\":\"Organization\",\"@id\":\"https:\\\/\\\/www.aqualuxhotel.com\\\/de\\\/#organization\",\"name\":\"Aqualux Hotel Suite &amp; SPA 4*\",\"url\":\"https:\\\/\\\/www.aqualuxhotel.com\\\/de\\\/\",\"logo\":{\"@type\":\"ImageObject\",\"inLanguage\":\"de\",\"@id\":\"https:\\\/\\\/www.aqualuxhotel.com\\\/de\\\/#\\\/schema\\\/logo\\\/image\\\/\",\"url\":\"https:\\\/\\\/www.aqualuxhotel.com\\\/wp-content\\\/uploads\\\/2021\\\/09\\\/aqualuxhotelspasuitebardolino_1-1.svg\",\"contentUrl\":\"https:\\\/\\\/www.aqualuxhotel.com\\\/wp-content\\\/uploads\\\/2021\\\/09\\\/aqualuxhotelspasuitebardolino_1-1.svg\",\"width\":\"1024\",\"height\":\"1024\",\"caption\":\"Aqualux Hotel Suite &amp; SPA 4*\"},\"image\":{\"@id\":\"https:\\\/\\\/www.aqualuxhotel.com\\\/de\\\/#\\\/schema\\\/logo\\\/image\\\/\"}}]}<\/script>\n<!-- \/ Yoast SEO plugin. -->","yoast_head_json":{"title":"Aqualux Hotel Spa 4 Sterne Bardolino am Gardasee","description":"Aqualux Hotel Spa 4 Sterne Bardolino am Gardasee: Das komplett umweltfreundliche Hotel liegt nur wenige Minuten von der eleganten Ortschaft entfernt.","robots":{"index":"index","follow":"follow","max-snippet":"max-snippet:-1","max-image-preview":"max-image-preview:large","max-video-preview":"max-video-preview:-1"},"canonical":"https:\/\/www.aqualuxhotel.com\/de\/aqualux-hotel-spa-4-sterne-bardolino-am-gardasee\/","og_locale":"de_DE","og_type":"article","og_title":"Aqualux Hotel Spa 4 Sterne Bardolino am Gardasee","og_description":"Aqualux Hotel Spa 4 Sterne Bardolino am Gardasee: Das komplett umweltfreundliche Hotel liegt nur wenige Minuten von der eleganten Ortschaft entfernt.","og_url":"https:\/\/www.aqualuxhotel.com\/de\/aqualux-hotel-spa-4-sterne-bardolino-am-gardasee\/","og_site_name":"Aqualux Hotel Suite &amp; SPA 4*","article_modified_time":"2024-03-27T10:29:53+00:00","twitter_card":"summary_large_image","twitter_misc":{"Gesch\u00e4tzte Lesezeit":"2\u00a0Minuten"},"schema":{"@context":"https:\/\/schema.org","@graph":[{"@type":"WebPage","@id":"https:\/\/www.aqualuxhotel.com\/de\/aqualux-hotel-spa-4-sterne-bardolino-am-gardasee\/","url":"https:\/\/www.aqualuxhotel.com\/de\/aqualux-hotel-spa-4-sterne-bardolino-am-gardasee\/","name":"Aqualux Hotel Spa 4 Sterne Bardolino am Gardasee","isPartOf":{"@id":"https:\/\/www.aqualuxhotel.com\/de\/#website"},"datePublished":"2017-09-05T04:52:14+00:00","dateModified":"2024-03-27T10:29:53+00:00","description":"Aqualux Hotel Spa 4 Sterne Bardolino am Gardasee: Das komplett umweltfreundliche Hotel liegt nur wenige Minuten von der eleganten Ortschaft entfernt.","breadcrumb":{"@id":"https:\/\/www.aqualuxhotel.com\/de\/aqualux-hotel-spa-4-sterne-bardolino-am-gardasee\/#breadcrumb"},"inLanguage":"de","potentialAction":[{"@type":"ReadAction","target":["https:\/\/www.aqualuxhotel.com\/de\/aqualux-hotel-spa-4-sterne-bardolino-am-gardasee\/"]}]},{"@type":"BreadcrumbList","@id":"https:\/\/www.aqualuxhotel.com\/de\/aqualux-hotel-spa-4-sterne-bardolino-am-gardasee\/#breadcrumb","itemListElement":[{"@type":"ListItem","position":1,"name":"Home","item":"https:\/\/www.aqualuxhotel.com\/de\/"},{"@type":"ListItem","position":2,"name":"Hotel"}]},{"@type":"WebSite","@id":"https:\/\/www.aqualuxhotel.com\/de\/#website","url":"https:\/\/www.aqualuxhotel.com\/de\/","name":"Aqualux Hotel Suite &amp; SPA 4*","description":"- Bardolino - Lago di Garda\u200e","publisher":{"@id":"https:\/\/www.aqualuxhotel.com\/de\/#organization"},"potentialAction":[{"@type":"SearchAction","target":{"@type":"EntryPoint","urlTemplate":"https:\/\/www.aqualuxhotel.com\/de\/?s={search_term_string}"},"query-input":{"@type":"PropertyValueSpecification","valueRequired":true,"valueName":"search_term_string"}}],"inLanguage":"de"},{"@type":"Organization","@id":"https:\/\/www.aqualuxhotel.com\/de\/#organization","name":"Aqualux Hotel Suite &amp; SPA 4*","url":"https:\/\/www.aqualuxhotel.com\/de\/","logo":{"@type":"ImageObject","inLanguage":"de","@id":"https:\/\/www.aqualuxhotel.com\/de\/#\/schema\/logo\/image\/","url":"https:\/\/www.aqualuxhotel.com\/wp-content\/uploads\/2021\/09\/aqualuxhotelspasuitebardolino_1-1.svg","contentUrl":"https:\/\/www.aqualuxhotel.com\/wp-content\/uploads\/2021\/09\/aqualuxhotelspasuitebardolino_1-1.svg","width":"1024","height":"1024","caption":"Aqualux Hotel Suite &amp; SPA 4*"},"image":{"@id":"https:\/\/www.aqualuxhotel.com\/de\/#\/schema\/logo\/image\/"}}]}},"publishpress_future_action":{"enabled":false,"date":"2026-04-15 15:15:36","action":"change-status","newStatus":"draft","terms":[],"taxonomy":"translation_priority","extraData":[]},"publishpress_future_workflow_manual_trigger":{"enabledWorkflows":[]},"_links":{"self":[{"href":"https:\/\/www.aqualuxhotel.com\/de\/wp-json\/wp\/v2\/pages\/5274","targetHints":{"allow":["GET"]}}],"collection":[{"href":"https:\/\/www.aqualuxhotel.com\/de\/wp-json\/wp\/v2\/pages"}],"about":[{"href":"https:\/\/www.aqualuxhotel.com\/de\/wp-json\/wp\/v2\/types\/page"}],"author":[{"embeddable":true,"href":"https:\/\/www.aqualuxhotel.com\/de\/wp-json\/wp\/v2\/users\/1"}],"replies":[{"embeddable":true,"href":"https:\/\/www.aqualuxhotel.com\/de\/wp-json\/wp\/v2\/comments?post=5274"}],"version-history":[{"count":5,"href":"https:\/\/www.aqualuxhotel.com\/de\/wp-json\/wp\/v2\/pages\/5274\/revisions"}],"predecessor-version":[{"id":22306,"href":"https:\/\/www.aqualuxhotel.com\/de\/wp-json\/wp\/v2\/pages\/5274\/revisions\/22306"}],"wp:attachment":[{"href":"https:\/\/www.aqualuxhotel.com\/de\/wp-json\/wp\/v2\/media?parent=5274"}],"curies":[{"name":"wp","href":"https:\/\/api.w.org\/{rel}","templated":true}]}}