{"id":6999,"date":"2017-10-25T15:30:14","date_gmt":"2017-10-25T13:30:14","guid":{"rendered":"http:\/\/www.aqualuxhotel.com\/?page_id=6999"},"modified":"2022-04-06T12:49:40","modified_gmt":"2022-04-06T10:49:40","slug":"4-sterne-wellnesshotel-am-gardasee","status":"publish","type":"page","link":"https:\/\/www.aqualuxhotel.com\/de\/4-sterne-wellnesshotel-am-gardasee\/","title":{"rendered":"Fitness"},"content":{"rendered":"<div class=\"wpb-content-wrapper\">[vc_row full_width=&#8220;stretch_row_content_no_spaces&#8220;][vc_column width=&#8220;1\/12&#8243;][\/vc_column][vc_column width=&#8220;5\/12&#8243; css=&#8220;.vc_custom_1647603752992{padding-right: 30px !important;padding-left: 30px !important;}&#8220;][vc_empty_space height=&#8220;50px&#8220;][vc_column_text]\n<h2 style=\"text-align: right;\">FITNESS<\/h2>\n<p style=\"text-align: right;\"><strong>WELLNESS UND K\u00d6RPERPFLEGE<\/strong><\/p>\n[\/vc_column_text][vc_empty_space height=&#8220;50px&#8220;][vc_column_text]\n<section class=\"av_textblock_section \">\n<div class=\"avia_textblock \">\n<p>FITNESS<br \/>\nWELLNESS UND K\u00d6RPERPFLEGE<br \/>\nNeben der intensiven und wohltuenden Pflege im AquaSpa &amp; Wellness bieten wir unseren G\u00e4sten auch die M\u00f6glichkeit sich im modernen Fitnesscenter mit Cardio- und Kraftger\u00e4ten der neuesten Generation fit zu halten. Wenn Sie einen pers\u00f6nlichen Trainer w\u00fcnschen, informieren Sie sich im Internet.<\/p>\n<p><strong>ABONNEMENTS<\/strong><\/p>\n<p><strong>MONATLICHE AQUAFITNESS + AQUASPA: \u20ac 160,00 pro Monat<\/strong><br \/>\n<strong>MONATLICHE AQUAFITNESS: 100,00 \u20ac pro Monat<\/strong><br \/>\nAuf alle Tarife erhalten Einwohner von Bardolino einen Sonderrabatt von 20%, nach Vorlage ihres Personalausweises. Der Rabatt gilt nicht f\u00fcr Behandlungen und Massagen.<\/p>\n<p>Die Preise sind f\u00fcr Nicht-Hotelg\u00e4ste reserviert.<\/p>\n<\/div>\n<\/section>\n[\/vc_column_text][vc_empty_space height=&#8220;50px&#8220;][\/vc_column][vc_column width=&#8220;5\/12&#8243;][vc_single_image image=&#8220;16198&#8243; img_size=&#8220;full&#8220; alignment=&#8220;center&#8220;][\/vc_column][vc_column width=&#8220;1\/12&#8243;][\/vc_column][\/vc_row][vc_row][vc_column]<div class=\"gem-textbox \"  ><div class=\"gem-textbox-inner\" style=\"\"><div class=\"gem-textbox-content\" style=\"background-color: #e5dfdb;background-position: center top;\"><div class=\"gem-alert-box\"><div class=\"gem-alert-inner\"><div class=\"gem-alert-box-picture\"><div class=\"gem-icon gem-icon-pack-material gem-icon-size-medium  gem-icon-shape-square gem-simple-icon \"  style=\"opacity: 1;\"><div class=\"gem-icon-inner\" style=\"\"><span class=\"gem-icon-half-1\" style=\"color: #729aa7;\"><span class=\"back-angle\">&#xf4d6;<\/span><\/span><span class=\"gem-icon-half-2\" style=\"color: #729aa7;\"><span class=\"back-angle\">&#xf4d6;<\/span><\/span><\/div><\/div><\/div><div class=\"gem-alert-box-content\">[vc_column_text css_animation=&#8220;bottom-to-top&#8220;]\n<p style=\"text-align: center;\"><strong>HYDROKINESE IM THERMISCHEN WASSER<\/strong><\/p>\n[\/vc_column_text][vc_column_text]Die Hydrokinese-Therapie ist die ideale Behandlung f\u00fcr Patienten mit Muskeldefiziten. Damit kann zum Beispiel die vorhandene, k\u00f6rperliche St\u00e4rke vor einer Operation verbessert oder zumindest aufrecht erhalten werden, zugleich ist es eine Hilfe f\u00fcr arthritische und \u00e4ltere Patienten, die sich nur mit Schmerzen bewegen k\u00f6nnen.<br \/>\nDie Hydrokinese-Therapie ist eine nat\u00fcrliche und wirksame Behandlung nicht nur zur Wiederherstellung und Aufrechterhaltung der Funktionalit\u00e4t des Bewegungsapparates, sondern auch zur Verk\u00fcrzung der Erholungszeiten \u00fcberm\u00fcdeter oder traumatisierter Gelenke.<\/p>\n<p><strong>Dauer:<\/strong> 35 Minuten<br \/>\n<strong>Einzelunterricht:<\/strong> 50 \u20ac[\/vc_column_text]<\/div><div class=\"gem-alert-box-buttons\"><div class=\"gem-button-container gem-button-position-center thegem-button-69f73cf1493e89317    \"  ><a class=\"gem-button gem-button-size-medium gem-button-style-flat gem-button-text-weight-normal\" data-ll-effect=\"drop-right-without-wrap\" style=\"border-radius: 3px;background-color: #729aa7;\" onmouseleave=\"this.style.backgroundColor='#729aa7';\" onmouseenter=\"this.style.backgroundColor='#b9c9c6';\" href=\"tel:\/\/+390456229999\" target=\"_blank\">Kontaktiere uns<\/a><\/div> <\/div><\/div><\/div><\/div><\/div><\/div>[\/vc_column][\/vc_row][vc_row][vc_column]<div id=\"section-17675\" class=\"el-824531102624c11203f7b6 ss-element gusta-section-vc-element \"><div class=\"section-container\">[vc_row css=\".vc_custom_1648199578911{margin-top: 10px !important;margin-right: 10px !important;margin-bottom: 10px !important;margin-left: 10px !important;}\"][vc_column]<div class=\"gem-textbox \"  ><div class=\"gem-textbox-inner\" style=\"\"><div class=\"gem-textbox-content\" style=\"background-color: #e5dfdb;background-position: center top;\"><div class=\"gem-alert-box\"><div class=\"gem-alert-inner\"><div class=\"gem-alert-box-picture\"><div class=\"gem-icon gem-icon-pack-material gem-icon-size-medium  gem-icon-shape-square gem-simple-icon \"  style=\"opacity: 1;\"><div class=\"gem-icon-inner\" style=\"\"><span class=\"gem-icon-half-1\" style=\"color: #729aa7;\"><span class=\"back-angle\">&#xf221;<\/span><\/span><span class=\"gem-icon-half-2\" style=\"color: #729aa7;\"><span class=\"back-angle\">&#xf221;<\/span><\/span><\/div><\/div><\/div><div class=\"gem-alert-box-content\">[vc_column_text css_animation=\"none\"]\r\n<p style=\"text-align: center;\"><span style=\"color: #3b3535; font-size: 20px;\">FAHRPL\u00c4NE UND EINTRITT<\/span><\/p>\r\n[\/vc_column_text]<\/div><div class=\"gem-alert-box-buttons\"><div class=\"gem-button-container gem-button-position-center thegem-button-69f73cf149fdc731    \"  ><a class=\"gem-button gem-button-size-small gem-button-style-flat gem-button-text-weight-normal\" data-ll-effect=\"drop-right-without-wrap\" style=\"border-radius: 3px;background-color: #729aa7;\" onmouseleave=\"this.style.backgroundColor='#729aa7';\" onmouseenter=\"this.style.backgroundColor='#b9c9c6';\" href=\"https:\/\/www.aqualuxhotel.com\/wp-content\/uploads\/2026\/04\/ORARI-ESTIVI_010526.pdf\" target=\"_blank\">WEITERLESEN<\/a><\/div> <\/div><\/div><\/div><\/div><\/div><\/div>[\/vc_column][\/vc_row]<\/div><\/div>[\/vc_column][\/vc_row][vc_row css=&#8220;.vc_custom_1647852753703{background-color: #cbc5c1 !important;}&#8220;][vc_column]<style>.gem-gallery-grid#style-69f73cf14a32e .gallery-item { padding: calc(0px\/2) !important; }.gem-gallery-grid#style-69f73cf14a32e .gallery-set { margin-top: calc(-0px\/2); margin-bottom: calc(-0px\/2); }.gem-gallery-grid#style-69f73cf14a32e .not-fullwidth-block .gallery-set, .gem-gallery-grid#style-69f73cf14a32e .not-fullwidth-block .portfolio-item-size-container { margin-left: calc(-0px\/2); margin-right: calc(-0px\/2); }.gem-gallery-grid#style-69f73cf14a32e .fullwidth-block { padding-left: calc(0px\/2); padding-right: calc(0px\/2); }.gem-gallery-grid#style-69f73cf14a32e .fullwidth-block .portfolio-top-panel:not(.gem-sticky-block), .gem-gallery-grid#style-69f73cf14a32e .portfolio-item.not-found .found-wrap { padding-left: 21px; padding-right: 21px; }@media (min-width: 768px) and (max-width: 991px) { .gem-gallery-grid#style-69f73cf14a32e .fullwidth-block .portfolio-top-panel:not(.gem-sticky-block), .gem-gallery-grid#style-69f73cf14a32e .portfolio-item.not-found .found-wrap { padding-left: 21px; padding-right: 21px; }}@media (max-width: 767px) { .gem-gallery-grid#style-69f73cf14a32e .fullwidth-block .portfolio-top-panel:not(.gem-sticky-block), .gem-gallery-grid#style-69f73cf14a32e .portfolio-item.not-found .found-wrap { padding-left: 21px; padding-right: 21px; }}.gem-gallery-grid#style-69f73cf14a32e .portfolio-filters { text-align: center }<\/style><div id=\"style-preloader-69f73cf14a32e\" class=\"preloader save-space\"><div class=\"preloader-spin\"><\/div><\/div> <div class=\"gallery-preloader-wrapper\"> <div class=\"row\"> <div id=\"style-69f73cf14a32e\" class=\"gem-gallery-grid col-lg-12 col-md-12 col-sm-12 gallery-style-justified hover-default loading-animation item-animation-move-up fullwidth-columns fullwidth-columns-5 columns-tablet-2 columns-mobile-1 \" data-hover=\"default\" data-uid=\"69f73cf14a32e\" data-filter=\"[]\"> <div class=\"portfolio fullwidth-block \"> <ul class=\"gallery-set clearfix\" data-max-row-height=\"380\"> <li class=\"gallery-item gallery-0 col-xs-12 col-sm-6 columns-desktop-5 item-animations-not-inited single-icon post-6999 page type-page status-publish\" style=\"\"> <div class=\"wrap gem-wrapbox-style-default\"> <div class=\"overlay-wrap\"> <div class=\"image-wrap \"> <picture> <source data-srcset=\"https:\/\/www.aqualuxhotel.com\/wp-content\/uploads\/2022\/03\/Dettaglio-pesi-Hotel-Aqualux-Bardolino-thegem-product-justified-square-m.jpg 1x\" data-sizes=\"100vw\"> <img data-src=\"https:\/\/www.aqualuxhotel.com\/wp-content\/uploads\/2022\/03\/Dettaglio-pesi-Hotel-Aqualux-Bardolino-thegem-product-justified-square-m.jpg\" width=\"400\" height=\"400\" class=\"attachment-thegem-product-justified-square-m lazyload\" alt=\"Dettaglio-pesi-Hotel-Aqualux-Bardolino\" src=\"data:image\/svg+xml;base64,PHN2ZyB3aWR0aD0iMSIgaGVpZ2h0PSIxIiB4bWxucz0iaHR0cDovL3d3dy53My5vcmcvMjAwMC9zdmciPjwvc3ZnPg==\" style=\"--smush-placeholder-width: 400px; --smush-placeholder-aspect-ratio: 400\/400;\" \/> <\/picture> <\/div> <div class=\"overlay \"> <div class=\"overlay-circle\"><\/div> <a href=\"https:\/\/www.aqualuxhotel.com\/wp-content\/uploads\/2022\/03\/Dettaglio-pesi-Hotel-Aqualux-Bardolino.jpg\" class=\"gallery-item-link fancy-gallery\" data-fancybox=\"gallery-69f73cf14a32e\" aria-label=\"Fullsize Image: Dettaglio-pesi-Hotel-Aqualux-Bardolino\"> <span class=\"slide-info\"> <\/span> <\/a> <div class=\"overlay-content\"> <div class=\"overlay-content-center\"> <div class=\"overlay-content-inner\"> <a href=\"https:\/\/www.aqualuxhotel.com\/wp-content\/uploads\/2022\/03\/Dettaglio-pesi-Hotel-Aqualux-Bardolino.jpg\" class=\"icon photo \" aria-label=\"Fullsize Image: Dettaglio-pesi-Hotel-Aqualux-Bardolino\"> <\/a> <div class=\"overlay-line\"><\/div> <\/div> <\/div> <\/div> <\/div> <\/div> <\/div> <\/li> <li class=\"gallery-item gallery-0 col-xs-12 col-sm-6 columns-desktop-5 item-animations-not-inited single-icon post-6999 page type-page status-publish\" style=\"\"> <div class=\"wrap gem-wrapbox-style-default\"> <div class=\"overlay-wrap\"> <div class=\"image-wrap \"> <picture> <source data-srcset=\"https:\/\/www.aqualuxhotel.com\/wp-content\/uploads\/2022\/03\/Sala-Fitness-Hotel-Aqualux-thegem-product-justified-square-m.jpg 1x\" data-sizes=\"100vw\"> <img data-src=\"https:\/\/www.aqualuxhotel.com\/wp-content\/uploads\/2022\/03\/Sala-Fitness-Hotel-Aqualux-thegem-product-justified-square-m.jpg\" width=\"400\" height=\"400\" class=\"attachment-thegem-product-justified-square-m lazyload\" alt=\"Sala-Fitness-Hotel-Aqualux\" src=\"data:image\/svg+xml;base64,PHN2ZyB3aWR0aD0iMSIgaGVpZ2h0PSIxIiB4bWxucz0iaHR0cDovL3d3dy53My5vcmcvMjAwMC9zdmciPjwvc3ZnPg==\" style=\"--smush-placeholder-width: 400px; --smush-placeholder-aspect-ratio: 400\/400;\" \/> <\/picture> <\/div> <div class=\"overlay \"> <div class=\"overlay-circle\"><\/div> <a href=\"https:\/\/www.aqualuxhotel.com\/wp-content\/uploads\/2022\/03\/Sala-Fitness-Hotel-Aqualux.jpg\" class=\"gallery-item-link fancy-gallery\" data-fancybox=\"gallery-69f73cf14a32e\" aria-label=\"Fullsize Image: Sala-Fitness-Hotel-Aqualux\"> <span class=\"slide-info\"> <\/span> <\/a> <div class=\"overlay-content\"> <div class=\"overlay-content-center\"> <div class=\"overlay-content-inner\"> <a href=\"https:\/\/www.aqualuxhotel.com\/wp-content\/uploads\/2022\/03\/Sala-Fitness-Hotel-Aqualux.jpg\" class=\"icon photo \" aria-label=\"Fullsize Image: Sala-Fitness-Hotel-Aqualux\"> <\/a> <div class=\"overlay-line\"><\/div> <\/div> <\/div> <\/div> <\/div> <\/div> <\/div> <\/li> <li class=\"gallery-item gallery-0 col-xs-12 col-sm-6 columns-desktop-5 item-animations-not-inited single-icon post-6999 page type-page status-publish\" style=\"\"> <div class=\"wrap gem-wrapbox-style-default\"> <div class=\"overlay-wrap\"> <div class=\"image-wrap \"> <picture> <source data-srcset=\"https:\/\/www.aqualuxhotel.com\/wp-content\/uploads\/2022\/03\/Cyclette-Palestra-Hotel-Aqualux-Bardolino-thegem-product-justified-square-m.jpg 1x\" data-sizes=\"100vw\"> <img data-src=\"https:\/\/www.aqualuxhotel.com\/wp-content\/uploads\/2022\/03\/Cyclette-Palestra-Hotel-Aqualux-Bardolino-thegem-product-justified-square-m.jpg\" width=\"400\" height=\"400\" class=\"attachment-thegem-product-justified-square-m lazyload\" alt=\"Cyclette-Palestra-Hotel-Aqualux-Bardolino\" src=\"data:image\/svg+xml;base64,PHN2ZyB3aWR0aD0iMSIgaGVpZ2h0PSIxIiB4bWxucz0iaHR0cDovL3d3dy53My5vcmcvMjAwMC9zdmciPjwvc3ZnPg==\" style=\"--smush-placeholder-width: 400px; --smush-placeholder-aspect-ratio: 400\/400;\" \/> <\/picture> <\/div> <div class=\"overlay \"> <div class=\"overlay-circle\"><\/div> <a href=\"https:\/\/www.aqualuxhotel.com\/wp-content\/uploads\/2022\/03\/Cyclette-Palestra-Hotel-Aqualux-Bardolino.jpg\" class=\"gallery-item-link fancy-gallery\" data-fancybox=\"gallery-69f73cf14a32e\" aria-label=\"Fullsize Image: Cyclette-Palestra-Hotel-Aqualux-Bardolino\"> <span class=\"slide-info\"> <\/span> <\/a> <div class=\"overlay-content\"> <div class=\"overlay-content-center\"> <div class=\"overlay-content-inner\"> <a href=\"https:\/\/www.aqualuxhotel.com\/wp-content\/uploads\/2022\/03\/Cyclette-Palestra-Hotel-Aqualux-Bardolino.jpg\" class=\"icon photo \" aria-label=\"Fullsize Image: Cyclette-Palestra-Hotel-Aqualux-Bardolino\"> <\/a> <div class=\"overlay-line\"><\/div> <\/div> <\/div> <\/div> <\/div> <\/div> <\/div> <\/li> <li class=\"gallery-item gallery-0 col-xs-12 col-sm-6 columns-desktop-5 item-animations-not-inited single-icon post-6999 page type-page status-publish\" style=\"\"> <div class=\"wrap gem-wrapbox-style-default\"> <div class=\"overlay-wrap\"> <div class=\"image-wrap \"> <picture> <source data-srcset=\"https:\/\/www.aqualuxhotel.com\/wp-content\/uploads\/2022\/03\/Attrezzi-Sala-Fitness-Hotel-Aqualux-Bardolino-thegem-product-justified-square-m.jpg 1x\" data-sizes=\"100vw\"> <img data-src=\"https:\/\/www.aqualuxhotel.com\/wp-content\/uploads\/2022\/03\/Attrezzi-Sala-Fitness-Hotel-Aqualux-Bardolino-thegem-product-justified-square-m.jpg\" width=\"400\" height=\"400\" class=\"attachment-thegem-product-justified-square-m lazyload\" alt=\"Attrezzi-Sala-Fitness-Hotel-Aqualux-Bardolino\" src=\"data:image\/svg+xml;base64,PHN2ZyB3aWR0aD0iMSIgaGVpZ2h0PSIxIiB4bWxucz0iaHR0cDovL3d3dy53My5vcmcvMjAwMC9zdmciPjwvc3ZnPg==\" style=\"--smush-placeholder-width: 400px; --smush-placeholder-aspect-ratio: 400\/400;\" \/> <\/picture> <\/div> <div class=\"overlay \"> <div class=\"overlay-circle\"><\/div> <a href=\"https:\/\/www.aqualuxhotel.com\/wp-content\/uploads\/2022\/03\/Attrezzi-Sala-Fitness-Hotel-Aqualux-Bardolino.jpg\" class=\"gallery-item-link fancy-gallery\" data-fancybox=\"gallery-69f73cf14a32e\" aria-label=\"Fullsize Image: Attrezzi-Sala-Fitness-Hotel-Aqualux-Bardolino\"> <span class=\"slide-info\"> <\/span> <\/a> <div class=\"overlay-content\"> <div class=\"overlay-content-center\"> <div class=\"overlay-content-inner\"> <a href=\"https:\/\/www.aqualuxhotel.com\/wp-content\/uploads\/2022\/03\/Attrezzi-Sala-Fitness-Hotel-Aqualux-Bardolino.jpg\" class=\"icon photo \" aria-label=\"Fullsize Image: Attrezzi-Sala-Fitness-Hotel-Aqualux-Bardolino\"> <\/a> <div class=\"overlay-line\"><\/div> <\/div> <\/div> <\/div> <\/div> <\/div> <\/div> <\/li> <li class=\"gallery-item gallery-0 col-xs-12 col-sm-6 columns-desktop-5 item-animations-not-inited single-icon post-6999 page type-page status-publish\" style=\"\"> <div class=\"wrap gem-wrapbox-style-default\"> <div class=\"overlay-wrap\"> <div class=\"image-wrap \"> <picture> <source data-srcset=\"https:\/\/www.aqualuxhotel.com\/wp-content\/uploads\/2022\/03\/Dettaglio-Palestra-Hotel-Aqualux-thegem-product-justified-square-m.jpg 1x\" data-sizes=\"100vw\"> <img data-src=\"https:\/\/www.aqualuxhotel.com\/wp-content\/uploads\/2022\/03\/Dettaglio-Palestra-Hotel-Aqualux-thegem-product-justified-square-m.jpg\" width=\"400\" height=\"400\" class=\"attachment-thegem-product-justified-square-m lazyload\" alt=\"Dettaglio-Palestra-Hotel-Aqualux\" src=\"data:image\/svg+xml;base64,PHN2ZyB3aWR0aD0iMSIgaGVpZ2h0PSIxIiB4bWxucz0iaHR0cDovL3d3dy53My5vcmcvMjAwMC9zdmciPjwvc3ZnPg==\" style=\"--smush-placeholder-width: 400px; --smush-placeholder-aspect-ratio: 400\/400;\" \/> <\/picture> <\/div> <div class=\"overlay \"> <div class=\"overlay-circle\"><\/div> <a href=\"https:\/\/www.aqualuxhotel.com\/wp-content\/uploads\/2022\/03\/Dettaglio-Palestra-Hotel-Aqualux.jpg\" class=\"gallery-item-link fancy-gallery\" data-fancybox=\"gallery-69f73cf14a32e\" aria-label=\"Fullsize Image: Dettaglio-Palestra-Hotel-Aqualux\"> <span class=\"slide-info\"> <\/span> <\/a> <div class=\"overlay-content\"> <div class=\"overlay-content-center\"> <div class=\"overlay-content-inner\"> <a href=\"https:\/\/www.aqualuxhotel.com\/wp-content\/uploads\/2022\/03\/Dettaglio-Palestra-Hotel-Aqualux.jpg\" class=\"icon photo \" aria-label=\"Fullsize Image: Dettaglio-Palestra-Hotel-Aqualux\"> <\/a> <div class=\"overlay-line\"><\/div> <\/div> <\/div> <\/div> <\/div> <\/div> <\/div> <\/li> <\/ul> <div class=\"portfolio-item-size-container\"> <li class=\"gallery-item size-item col-xs-12 col-sm-6 columns-desktop-5 post-6999 page type-page status-publish\" style=\"\"> <\/li> <\/div> <\/div> <\/div> <\/div> <\/div>[\/vc_column][\/vc_row]\n<\/div>","protected":false},"excerpt":{"rendered":"<p>[vc_row full_width=&#8220;stretch_row_content_no_spaces&#8220;][vc_column width=&#8220;1\/12&#8243;][\/vc_column][vc_column width=&#8220;5\/12&#8243; css=&#8220;.vc_custom_1647603752992{padding-right: 30px !important;padding-left: 30px !important;}&#8220;][vc_empty_space height=&#8220;50px&#8220;][vc_column_text] FITNESS WELLNESS UND K\u00d6RPERPFLEGE [\/vc_column_text][vc_empty_space height=&#8220;50px&#8220;][vc_column_text] FITNESS WELLNESS UND K\u00d6RPERPFLEGE&#8230;<\/p>\n","protected":false},"author":1,"featured_media":0,"parent":0,"menu_order":0,"comment_status":"closed","ping_status":"closed","template":"","meta":{"_acf_changed":false,"inline_featured_image":false,"footnotes":""},"class_list":["post-6999","page","type-page","status-publish"],"acf":[],"yoast_head":"<!-- This site is optimized with the Yoast SEO plugin v27.5 - https:\/\/yoast.com\/product\/yoast-seo-wordpress\/ -->\n<title>4 sterne wellnesshotel am Gardasee Bardolino Spa<\/title>\n<meta name=\"description\" content=\"4 sterne wellnesshotel am Gardasee, AquaSpa &amp; Wellness bietet seinen G\u00e4sten ein modernes Fitnesscenter mit Cardio- und Kraftger\u00e4ten der neuesten Generation\" \/>\n<meta name=\"robots\" content=\"index, follow, max-snippet:-1, max-image-preview:large, max-video-preview:-1\" \/>\n<link rel=\"canonical\" href=\"https:\/\/www.aqualuxhotel.com\/de\/4-sterne-wellnesshotel-am-gardasee\/\" \/>\n<meta property=\"og:locale\" content=\"de_DE\" \/>\n<meta property=\"og:type\" content=\"article\" \/>\n<meta property=\"og:title\" content=\"4 sterne wellnesshotel am Gardasee Bardolino Spa\" \/>\n<meta property=\"og:description\" content=\"4 sterne wellnesshotel am Gardasee, AquaSpa &amp; Wellness bietet seinen G\u00e4sten ein modernes Fitnesscenter mit Cardio- und Kraftger\u00e4ten der neuesten Generation\" \/>\n<meta property=\"og:url\" content=\"https:\/\/www.aqualuxhotel.com\/de\/4-sterne-wellnesshotel-am-gardasee\/\" \/>\n<meta property=\"og:site_name\" content=\"Aqualux Hotel Suite &amp; SPA 4*\" \/>\n<meta property=\"article:modified_time\" content=\"2022-04-06T10:49:40+00:00\" \/>\n<meta name=\"twitter:card\" content=\"summary_large_image\" \/>\n<meta name=\"twitter:label1\" content=\"Gesch\u00e4tzte Lesezeit\" \/>\n\t<meta name=\"twitter:data1\" content=\"2\u00a0Minuten\" \/>\n<script type=\"application\/ld+json\" class=\"yoast-schema-graph\">{\"@context\":\"https:\\\/\\\/schema.org\",\"@graph\":[{\"@type\":\"WebPage\",\"@id\":\"https:\\\/\\\/www.aqualuxhotel.com\\\/de\\\/4-sterne-wellnesshotel-am-gardasee\\\/\",\"url\":\"https:\\\/\\\/www.aqualuxhotel.com\\\/de\\\/4-sterne-wellnesshotel-am-gardasee\\\/\",\"name\":\"4 sterne wellnesshotel am Gardasee Bardolino Spa\",\"isPartOf\":{\"@id\":\"https:\\\/\\\/www.aqualuxhotel.com\\\/de\\\/#website\"},\"datePublished\":\"2017-10-25T13:30:14+00:00\",\"dateModified\":\"2022-04-06T10:49:40+00:00\",\"description\":\"4 sterne wellnesshotel am Gardasee, AquaSpa & Wellness bietet seinen G\u00e4sten ein modernes Fitnesscenter mit Cardio- und Kraftger\u00e4ten der neuesten Generation\",\"breadcrumb\":{\"@id\":\"https:\\\/\\\/www.aqualuxhotel.com\\\/de\\\/4-sterne-wellnesshotel-am-gardasee\\\/#breadcrumb\"},\"inLanguage\":\"de\",\"potentialAction\":[{\"@type\":\"ReadAction\",\"target\":[\"https:\\\/\\\/www.aqualuxhotel.com\\\/de\\\/4-sterne-wellnesshotel-am-gardasee\\\/\"]}]},{\"@type\":\"BreadcrumbList\",\"@id\":\"https:\\\/\\\/www.aqualuxhotel.com\\\/de\\\/4-sterne-wellnesshotel-am-gardasee\\\/#breadcrumb\",\"itemListElement\":[{\"@type\":\"ListItem\",\"position\":1,\"name\":\"Home\",\"item\":\"https:\\\/\\\/www.aqualuxhotel.com\\\/de\\\/\"},{\"@type\":\"ListItem\",\"position\":2,\"name\":\"Fitness\"}]},{\"@type\":\"WebSite\",\"@id\":\"https:\\\/\\\/www.aqualuxhotel.com\\\/de\\\/#website\",\"url\":\"https:\\\/\\\/www.aqualuxhotel.com\\\/de\\\/\",\"name\":\"Aqualux Hotel Suite &amp; SPA 4*\",\"description\":\"- Bardolino - Lago di Garda\u200e\",\"publisher\":{\"@id\":\"https:\\\/\\\/www.aqualuxhotel.com\\\/de\\\/#organization\"},\"potentialAction\":[{\"@type\":\"SearchAction\",\"target\":{\"@type\":\"EntryPoint\",\"urlTemplate\":\"https:\\\/\\\/www.aqualuxhotel.com\\\/de\\\/?s={search_term_string}\"},\"query-input\":{\"@type\":\"PropertyValueSpecification\",\"valueRequired\":true,\"valueName\":\"search_term_string\"}}],\"inLanguage\":\"de\"},{\"@type\":\"Organization\",\"@id\":\"https:\\\/\\\/www.aqualuxhotel.com\\\/de\\\/#organization\",\"name\":\"Aqualux Hotel Suite &amp; SPA 4*\",\"url\":\"https:\\\/\\\/www.aqualuxhotel.com\\\/de\\\/\",\"logo\":{\"@type\":\"ImageObject\",\"inLanguage\":\"de\",\"@id\":\"https:\\\/\\\/www.aqualuxhotel.com\\\/de\\\/#\\\/schema\\\/logo\\\/image\\\/\",\"url\":\"https:\\\/\\\/www.aqualuxhotel.com\\\/wp-content\\\/uploads\\\/2021\\\/09\\\/aqualuxhotelspasuitebardolino_1-1.svg\",\"contentUrl\":\"https:\\\/\\\/www.aqualuxhotel.com\\\/wp-content\\\/uploads\\\/2021\\\/09\\\/aqualuxhotelspasuitebardolino_1-1.svg\",\"width\":\"1024\",\"height\":\"1024\",\"caption\":\"Aqualux Hotel Suite &amp; SPA 4*\"},\"image\":{\"@id\":\"https:\\\/\\\/www.aqualuxhotel.com\\\/de\\\/#\\\/schema\\\/logo\\\/image\\\/\"}}]}<\/script>\n<!-- \/ Yoast SEO plugin. -->","yoast_head_json":{"title":"4 sterne wellnesshotel am Gardasee Bardolino Spa","description":"4 sterne wellnesshotel am Gardasee, AquaSpa & Wellness bietet seinen G\u00e4sten ein modernes Fitnesscenter mit Cardio- und Kraftger\u00e4ten der neuesten Generation","robots":{"index":"index","follow":"follow","max-snippet":"max-snippet:-1","max-image-preview":"max-image-preview:large","max-video-preview":"max-video-preview:-1"},"canonical":"https:\/\/www.aqualuxhotel.com\/de\/4-sterne-wellnesshotel-am-gardasee\/","og_locale":"de_DE","og_type":"article","og_title":"4 sterne wellnesshotel am Gardasee Bardolino Spa","og_description":"4 sterne wellnesshotel am Gardasee, AquaSpa & Wellness bietet seinen G\u00e4sten ein modernes Fitnesscenter mit Cardio- und Kraftger\u00e4ten der neuesten Generation","og_url":"https:\/\/www.aqualuxhotel.com\/de\/4-sterne-wellnesshotel-am-gardasee\/","og_site_name":"Aqualux Hotel Suite &amp; SPA 4*","article_modified_time":"2022-04-06T10:49:40+00:00","twitter_card":"summary_large_image","twitter_misc":{"Gesch\u00e4tzte Lesezeit":"2\u00a0Minuten"},"schema":{"@context":"https:\/\/schema.org","@graph":[{"@type":"WebPage","@id":"https:\/\/www.aqualuxhotel.com\/de\/4-sterne-wellnesshotel-am-gardasee\/","url":"https:\/\/www.aqualuxhotel.com\/de\/4-sterne-wellnesshotel-am-gardasee\/","name":"4 sterne wellnesshotel am Gardasee Bardolino Spa","isPartOf":{"@id":"https:\/\/www.aqualuxhotel.com\/de\/#website"},"datePublished":"2017-10-25T13:30:14+00:00","dateModified":"2022-04-06T10:49:40+00:00","description":"4 sterne wellnesshotel am Gardasee, AquaSpa & Wellness bietet seinen G\u00e4sten ein modernes Fitnesscenter mit Cardio- und Kraftger\u00e4ten der neuesten Generation","breadcrumb":{"@id":"https:\/\/www.aqualuxhotel.com\/de\/4-sterne-wellnesshotel-am-gardasee\/#breadcrumb"},"inLanguage":"de","potentialAction":[{"@type":"ReadAction","target":["https:\/\/www.aqualuxhotel.com\/de\/4-sterne-wellnesshotel-am-gardasee\/"]}]},{"@type":"BreadcrumbList","@id":"https:\/\/www.aqualuxhotel.com\/de\/4-sterne-wellnesshotel-am-gardasee\/#breadcrumb","itemListElement":[{"@type":"ListItem","position":1,"name":"Home","item":"https:\/\/www.aqualuxhotel.com\/de\/"},{"@type":"ListItem","position":2,"name":"Fitness"}]},{"@type":"WebSite","@id":"https:\/\/www.aqualuxhotel.com\/de\/#website","url":"https:\/\/www.aqualuxhotel.com\/de\/","name":"Aqualux Hotel Suite &amp; SPA 4*","description":"- Bardolino - Lago di Garda\u200e","publisher":{"@id":"https:\/\/www.aqualuxhotel.com\/de\/#organization"},"potentialAction":[{"@type":"SearchAction","target":{"@type":"EntryPoint","urlTemplate":"https:\/\/www.aqualuxhotel.com\/de\/?s={search_term_string}"},"query-input":{"@type":"PropertyValueSpecification","valueRequired":true,"valueName":"search_term_string"}}],"inLanguage":"de"},{"@type":"Organization","@id":"https:\/\/www.aqualuxhotel.com\/de\/#organization","name":"Aqualux Hotel Suite &amp; SPA 4*","url":"https:\/\/www.aqualuxhotel.com\/de\/","logo":{"@type":"ImageObject","inLanguage":"de","@id":"https:\/\/www.aqualuxhotel.com\/de\/#\/schema\/logo\/image\/","url":"https:\/\/www.aqualuxhotel.com\/wp-content\/uploads\/2021\/09\/aqualuxhotelspasuitebardolino_1-1.svg","contentUrl":"https:\/\/www.aqualuxhotel.com\/wp-content\/uploads\/2021\/09\/aqualuxhotelspasuitebardolino_1-1.svg","width":"1024","height":"1024","caption":"Aqualux Hotel Suite &amp; SPA 4*"},"image":{"@id":"https:\/\/www.aqualuxhotel.com\/de\/#\/schema\/logo\/image\/"}}]}},"publishpress_future_action":{"enabled":false,"date":"2026-05-10 14:17:53","action":"change-status","newStatus":"draft","terms":[],"taxonomy":"translation_priority","extraData":[]},"publishpress_future_workflow_manual_trigger":{"enabledWorkflows":[]},"_links":{"self":[{"href":"https:\/\/www.aqualuxhotel.com\/de\/wp-json\/wp\/v2\/pages\/6999","targetHints":{"allow":["GET"]}}],"collection":[{"href":"https:\/\/www.aqualuxhotel.com\/de\/wp-json\/wp\/v2\/pages"}],"about":[{"href":"https:\/\/www.aqualuxhotel.com\/de\/wp-json\/wp\/v2\/types\/page"}],"author":[{"embeddable":true,"href":"https:\/\/www.aqualuxhotel.com\/de\/wp-json\/wp\/v2\/users\/1"}],"replies":[{"embeddable":true,"href":"https:\/\/www.aqualuxhotel.com\/de\/wp-json\/wp\/v2\/comments?post=6999"}],"version-history":[{"count":5,"href":"https:\/\/www.aqualuxhotel.com\/de\/wp-json\/wp\/v2\/pages\/6999\/revisions"}],"predecessor-version":[{"id":17810,"href":"https:\/\/www.aqualuxhotel.com\/de\/wp-json\/wp\/v2\/pages\/6999\/revisions\/17810"}],"wp:attachment":[{"href":"https:\/\/www.aqualuxhotel.com\/de\/wp-json\/wp\/v2\/media?parent=6999"}],"curies":[{"name":"wp","href":"https:\/\/api.w.org\/{rel}","templated":true}]}}