{"id":7079,"date":"2017-10-31T09:49:27","date_gmt":"2017-10-31T08:49:27","guid":{"rendered":"http:\/\/www.aqualuxhotel.com\/?page_id=7079"},"modified":"2022-04-06T12:08:23","modified_gmt":"2022-04-06T10:08:23","slug":"hotel-bardolino-mit-climahotel-zertifizierung","status":"publish","type":"page","link":"https:\/\/www.aqualuxhotel.com\/de\/hotel-bardolino-mit-climahotel-zertifizierung\/","title":{"rendered":"Nachhaltigkeit"},"content":{"rendered":"<div class=\"wpb-content-wrapper\">[vc_row full_width=&#8220;stretch_row&#8220; css=&#8220;.vc_custom_1647258010956{background-image: url(http:\/\/www.aqualuxhotel.com\/wp-content\/uploads\/2022\/03\/hotel-aqualux-green-spa.jpg?id=15446) !important;background-position: center !important;background-repeat: no-repeat !important;background-size: cover !important;}&#8220;][vc_column][vc_empty_space height=&#8220;200px&#8220;][vc_column_text css_animation=&#8220;slideInUp&#8220;]\n<blockquote>\n<h4>ZERTIFIZIERTES KLIMAHOTEL<\/h4>\n<h5>KlimaHotel ist \u201edas\u201c Qualit\u00e4tssiegel f\u00fcr einen bewussten Tourismus.<\/h5>\n<\/blockquote>\n[\/vc_column_text][vc_empty_space height=&#8220;200px&#8220;][\/vc_column][\/vc_row][vc_row][vc_column][vc_empty_space height=&#8220;50px&#8220;][\/vc_column][\/vc_row][vc_row][vc_column width=&#8220;3\/4&#8243;][vc_column_text]Dank der <strong>KlimaHotel-Zertifizierung<\/strong> k\u00f6nnen wir unseren G\u00e4sten einen hohen umweltfreundlichen Service bieten.<\/p>\n<p>Das Qualit\u00e4tssiegel KlimaHotel basiert auf den drei tragende S\u00e4ulen der Nachhaltigkeit: \u00d6kologie, Wirtschaftlichkeit und sozio-kulturelle Aspekte. Das neue Qualit\u00e4tssiegel best\u00e4tigt, dass im Hotel die notwendigen technischen und strategischen Steuerungs-Ma\u03b2nahmen vorhanden sind. In dem Kriterien-Katalog KlimaHotel entsprechen die drei S\u00e4ulen der Nachhaltigkeit den Konzepten \u201cNatur\u201d (\u00d6kologie), \u201cLeben\u201d (sozio-kulturelle Aspekte) und \u201cTransparenz\u201d (Wirtschaftlichkeit). F\u00fcr den Standard KlimaHotel muss eine maximale Punktzahl von 100 Punkten erreicht werden.<\/p>\n<p>Die Bewertung erfolgt durch eine direkte Punktevergabe. Punkte werden f\u00fcr das Erreichen der Nachhaltigkeitsziele in den entsprechenden Beurteilungsbereichen verteilt.[\/vc_column_text][vc_empty_space height=&#8220;30px&#8220;][\/vc_column][vc_column width=&#8220;1\/4&#8243;][vc_empty_space height=&#8220;20px&#8220;][vc_single_image image=&#8220;15452&#8243; img_size=&#8220;full&#8220; alignment=&#8220;center&#8220; css_animation=&#8220;bounceInUp&#8220;][\/vc_column][\/vc_row][vc_row gap=&#8220;20&#8243; css=&#8220;.vc_custom_1642419881553{margin-top: 0px !important;margin-bottom: 0px !important;}&#8220;][vc_column width=&#8220;1\/4&#8243; css=&#8220;.vc_custom_1642406679180{margin-right: 0px !important;margin-left: 0px !important;padding-right: 0px !important;padding-left: 0px !important;}&#8220;][\/vc_column][vc_column width=&#8220;1\/2&#8243; css=&#8220;.vc_custom_1642406686770{margin-right: 0px !important;margin-left: 0px !important;padding-right: 0px !important;padding-left: 0px !important;}&#8220;]<div id=\"section-17679\" class=\"el-177003004623d89ec9fb80 ss-element gusta-section-vc-element \"><div class=\"section-container\">[vc_row css=\".vc_custom_1648199563024{margin-top: 10px !important;margin-right: 10px !important;margin-bottom: 10px !important;margin-left: 10px !important;}\"][vc_column]<div class=\"gem-textbox \"  ><div class=\"gem-textbox-inner\" style=\"\"><div class=\"gem-textbox-content\" style=\"background-color: #e5dfdb;background-position: center top;\"><div class=\"gem-alert-box\"><div class=\"gem-alert-inner\"><div class=\"gem-alert-box-picture\"><div class=\"gem-icon gem-icon-pack-material gem-icon-size-medium  gem-icon-shape-square gem-simple-icon \"  style=\"opacity: 1;\"><div class=\"gem-icon-inner\" style=\"\"><span class=\"gem-icon-half-1\" style=\"color: #729aa7;\"><span class=\"back-angle\">&#xf3c5;<\/span><\/span><span class=\"gem-icon-half-2\" style=\"color: #729aa7;\"><span class=\"back-angle\">&#xf3c5;<\/span><\/span><\/div><\/div><\/div><div class=\"gem-alert-box-content\">[vc_column_text css_animation=\"none\"]\r\n<p style=\"text-align: center;\">Lesen Sie unser Green Book und teilen Sie die gr\u00fcne Aqualux-Philosophie.<\/p>\r\n[\/vc_column_text]<\/div><div class=\"gem-alert-box-buttons\"><div class=\"gem-button-container gem-button-position-center thegem-button-69eb47ce0dd7e6429    \"  ><a class=\"gem-button gem-button-size-small gem-button-style-flat gem-button-text-weight-normal\" data-ll-effect=\"drop-right-without-wrap\" style=\"border-radius: 3px;background-color: #729aa7;\" onmouseleave=\"this.style.backgroundColor='#729aa7';\" onmouseenter=\"this.style.backgroundColor='#b9c9c6';\" href=\"https:\/\/www.aqualuxhotel.com\/wp-content\/uploads\/2022\/03\/greenBook-2016.pdf\" target=\"_blank\">DOWNLOAD<\/a><\/div> <\/div><\/div><\/div><\/div><\/div><\/div>[\/vc_column][\/vc_row]<\/div><\/div>[\/vc_column][vc_column width=&#8220;1\/4&#8243;][\/vc_column][\/vc_row]\n<\/div>","protected":false},"excerpt":{"rendered":"<p>[vc_row full_width=&#8220;stretch_row&#8220; css=&#8220;.vc_custom_1647258010956{background-image: url(http:\/\/www.aqualuxhotel.com\/wp-content\/uploads\/2022\/03\/hotel-aqualux-green-spa.jpg?id=15446) !important;background-position: center !important;background-repeat: no-repeat !important;background-size: cover !important;}&#8220;][vc_column][vc_empty_space height=&#8220;200px&#8220;][vc_column_text css_animation=&#8220;slideInUp&#8220;] ZERTIFIZIERTES KLIMAHOTEL KlimaHotel ist \u201edas\u201c Qualit\u00e4tssiegel f\u00fcr&#8230;<\/p>\n","protected":false},"author":1,"featured_media":0,"parent":0,"menu_order":0,"comment_status":"closed","ping_status":"closed","template":"","meta":{"_acf_changed":false,"inline_featured_image":false,"footnotes":""},"class_list":["post-7079","page","type-page","status-publish"],"acf":[],"yoast_head":"<!-- This site is optimized with the Yoast SEO plugin v27.4 - https:\/\/yoast.com\/product\/yoast-seo-wordpress\/ -->\n<title>Hotel Bardolino mit Climahotel zertifizierung Verona<\/title>\n<meta name=\"description\" content=\"Hotel Bardolino mit Climahotel zertifizierung: ClimaHotel ist das Qualit\u00e4tssiegel f\u00fcr einen bewussten Tourismus f\u00fcr nachhaltig Reisende.\" \/>\n<meta name=\"robots\" content=\"index, follow, max-snippet:-1, max-image-preview:large, max-video-preview:-1\" \/>\n<link rel=\"canonical\" href=\"https:\/\/www.aqualuxhotel.com\/de\/hotel-bardolino-mit-climahotel-zertifizierung\/\" \/>\n<meta property=\"og:locale\" content=\"de_DE\" \/>\n<meta property=\"og:type\" content=\"article\" \/>\n<meta property=\"og:title\" content=\"Hotel Bardolino mit Climahotel zertifizierung Verona\" \/>\n<meta property=\"og:description\" content=\"Hotel Bardolino mit Climahotel zertifizierung: ClimaHotel ist das Qualit\u00e4tssiegel f\u00fcr einen bewussten Tourismus f\u00fcr nachhaltig Reisende.\" \/>\n<meta property=\"og:url\" content=\"https:\/\/www.aqualuxhotel.com\/de\/hotel-bardolino-mit-climahotel-zertifizierung\/\" \/>\n<meta property=\"og:site_name\" content=\"Aqualux Hotel Suite &amp; SPA 4*\" \/>\n<meta property=\"article:modified_time\" content=\"2022-04-06T10:08:23+00:00\" \/>\n<meta name=\"twitter:card\" content=\"summary_large_image\" \/>\n<meta name=\"twitter:label1\" content=\"Gesch\u00e4tzte Lesezeit\" \/>\n\t<meta name=\"twitter:data1\" content=\"1\u00a0Minute\" \/>\n<script type=\"application\/ld+json\" class=\"yoast-schema-graph\">{\"@context\":\"https:\\\/\\\/schema.org\",\"@graph\":[{\"@type\":\"WebPage\",\"@id\":\"https:\\\/\\\/www.aqualuxhotel.com\\\/de\\\/hotel-bardolino-mit-climahotel-zertifizierung\\\/\",\"url\":\"https:\\\/\\\/www.aqualuxhotel.com\\\/de\\\/hotel-bardolino-mit-climahotel-zertifizierung\\\/\",\"name\":\"Hotel Bardolino mit Climahotel zertifizierung Verona\",\"isPartOf\":{\"@id\":\"https:\\\/\\\/www.aqualuxhotel.com\\\/de\\\/#website\"},\"datePublished\":\"2017-10-31T08:49:27+00:00\",\"dateModified\":\"2022-04-06T10:08:23+00:00\",\"description\":\"Hotel Bardolino mit Climahotel zertifizierung: ClimaHotel ist das Qualit\u00e4tssiegel f\u00fcr einen bewussten Tourismus f\u00fcr nachhaltig Reisende.\",\"breadcrumb\":{\"@id\":\"https:\\\/\\\/www.aqualuxhotel.com\\\/de\\\/hotel-bardolino-mit-climahotel-zertifizierung\\\/#breadcrumb\"},\"inLanguage\":\"de\",\"potentialAction\":[{\"@type\":\"ReadAction\",\"target\":[\"https:\\\/\\\/www.aqualuxhotel.com\\\/de\\\/hotel-bardolino-mit-climahotel-zertifizierung\\\/\"]}]},{\"@type\":\"BreadcrumbList\",\"@id\":\"https:\\\/\\\/www.aqualuxhotel.com\\\/de\\\/hotel-bardolino-mit-climahotel-zertifizierung\\\/#breadcrumb\",\"itemListElement\":[{\"@type\":\"ListItem\",\"position\":1,\"name\":\"Home\",\"item\":\"https:\\\/\\\/www.aqualuxhotel.com\\\/de\\\/\"},{\"@type\":\"ListItem\",\"position\":2,\"name\":\"Nachhaltigkeit\"}]},{\"@type\":\"WebSite\",\"@id\":\"https:\\\/\\\/www.aqualuxhotel.com\\\/de\\\/#website\",\"url\":\"https:\\\/\\\/www.aqualuxhotel.com\\\/de\\\/\",\"name\":\"Aqualux Hotel Suite &amp; SPA 4*\",\"description\":\"- Bardolino - Lago di Garda\u200e\",\"publisher\":{\"@id\":\"https:\\\/\\\/www.aqualuxhotel.com\\\/de\\\/#organization\"},\"potentialAction\":[{\"@type\":\"SearchAction\",\"target\":{\"@type\":\"EntryPoint\",\"urlTemplate\":\"https:\\\/\\\/www.aqualuxhotel.com\\\/de\\\/?s={search_term_string}\"},\"query-input\":{\"@type\":\"PropertyValueSpecification\",\"valueRequired\":true,\"valueName\":\"search_term_string\"}}],\"inLanguage\":\"de\"},{\"@type\":\"Organization\",\"@id\":\"https:\\\/\\\/www.aqualuxhotel.com\\\/de\\\/#organization\",\"name\":\"Aqualux Hotel Suite &amp; SPA 4*\",\"url\":\"https:\\\/\\\/www.aqualuxhotel.com\\\/de\\\/\",\"logo\":{\"@type\":\"ImageObject\",\"inLanguage\":\"de\",\"@id\":\"https:\\\/\\\/www.aqualuxhotel.com\\\/de\\\/#\\\/schema\\\/logo\\\/image\\\/\",\"url\":\"https:\\\/\\\/www.aqualuxhotel.com\\\/wp-content\\\/uploads\\\/2021\\\/09\\\/aqualuxhotelspasuitebardolino_1-1.svg\",\"contentUrl\":\"https:\\\/\\\/www.aqualuxhotel.com\\\/wp-content\\\/uploads\\\/2021\\\/09\\\/aqualuxhotelspasuitebardolino_1-1.svg\",\"width\":\"1024\",\"height\":\"1024\",\"caption\":\"Aqualux Hotel Suite &amp; SPA 4*\"},\"image\":{\"@id\":\"https:\\\/\\\/www.aqualuxhotel.com\\\/de\\\/#\\\/schema\\\/logo\\\/image\\\/\"}}]}<\/script>\n<!-- \/ Yoast SEO plugin. -->","yoast_head_json":{"title":"Hotel Bardolino mit Climahotel zertifizierung Verona","description":"Hotel Bardolino mit Climahotel zertifizierung: ClimaHotel ist das Qualit\u00e4tssiegel f\u00fcr einen bewussten Tourismus f\u00fcr nachhaltig Reisende.","robots":{"index":"index","follow":"follow","max-snippet":"max-snippet:-1","max-image-preview":"max-image-preview:large","max-video-preview":"max-video-preview:-1"},"canonical":"https:\/\/www.aqualuxhotel.com\/de\/hotel-bardolino-mit-climahotel-zertifizierung\/","og_locale":"de_DE","og_type":"article","og_title":"Hotel Bardolino mit Climahotel zertifizierung Verona","og_description":"Hotel Bardolino mit Climahotel zertifizierung: ClimaHotel ist das Qualit\u00e4tssiegel f\u00fcr einen bewussten Tourismus f\u00fcr nachhaltig Reisende.","og_url":"https:\/\/www.aqualuxhotel.com\/de\/hotel-bardolino-mit-climahotel-zertifizierung\/","og_site_name":"Aqualux Hotel Suite &amp; SPA 4*","article_modified_time":"2022-04-06T10:08:23+00:00","twitter_card":"summary_large_image","twitter_misc":{"Gesch\u00e4tzte Lesezeit":"1\u00a0Minute"},"schema":{"@context":"https:\/\/schema.org","@graph":[{"@type":"WebPage","@id":"https:\/\/www.aqualuxhotel.com\/de\/hotel-bardolino-mit-climahotel-zertifizierung\/","url":"https:\/\/www.aqualuxhotel.com\/de\/hotel-bardolino-mit-climahotel-zertifizierung\/","name":"Hotel Bardolino mit Climahotel zertifizierung Verona","isPartOf":{"@id":"https:\/\/www.aqualuxhotel.com\/de\/#website"},"datePublished":"2017-10-31T08:49:27+00:00","dateModified":"2022-04-06T10:08:23+00:00","description":"Hotel Bardolino mit Climahotel zertifizierung: ClimaHotel ist das Qualit\u00e4tssiegel f\u00fcr einen bewussten Tourismus f\u00fcr nachhaltig Reisende.","breadcrumb":{"@id":"https:\/\/www.aqualuxhotel.com\/de\/hotel-bardolino-mit-climahotel-zertifizierung\/#breadcrumb"},"inLanguage":"de","potentialAction":[{"@type":"ReadAction","target":["https:\/\/www.aqualuxhotel.com\/de\/hotel-bardolino-mit-climahotel-zertifizierung\/"]}]},{"@type":"BreadcrumbList","@id":"https:\/\/www.aqualuxhotel.com\/de\/hotel-bardolino-mit-climahotel-zertifizierung\/#breadcrumb","itemListElement":[{"@type":"ListItem","position":1,"name":"Home","item":"https:\/\/www.aqualuxhotel.com\/de\/"},{"@type":"ListItem","position":2,"name":"Nachhaltigkeit"}]},{"@type":"WebSite","@id":"https:\/\/www.aqualuxhotel.com\/de\/#website","url":"https:\/\/www.aqualuxhotel.com\/de\/","name":"Aqualux Hotel Suite &amp; SPA 4*","description":"- Bardolino - Lago di Garda\u200e","publisher":{"@id":"https:\/\/www.aqualuxhotel.com\/de\/#organization"},"potentialAction":[{"@type":"SearchAction","target":{"@type":"EntryPoint","urlTemplate":"https:\/\/www.aqualuxhotel.com\/de\/?s={search_term_string}"},"query-input":{"@type":"PropertyValueSpecification","valueRequired":true,"valueName":"search_term_string"}}],"inLanguage":"de"},{"@type":"Organization","@id":"https:\/\/www.aqualuxhotel.com\/de\/#organization","name":"Aqualux Hotel Suite &amp; SPA 4*","url":"https:\/\/www.aqualuxhotel.com\/de\/","logo":{"@type":"ImageObject","inLanguage":"de","@id":"https:\/\/www.aqualuxhotel.com\/de\/#\/schema\/logo\/image\/","url":"https:\/\/www.aqualuxhotel.com\/wp-content\/uploads\/2021\/09\/aqualuxhotelspasuitebardolino_1-1.svg","contentUrl":"https:\/\/www.aqualuxhotel.com\/wp-content\/uploads\/2021\/09\/aqualuxhotelspasuitebardolino_1-1.svg","width":"1024","height":"1024","caption":"Aqualux Hotel Suite &amp; SPA 4*"},"image":{"@id":"https:\/\/www.aqualuxhotel.com\/de\/#\/schema\/logo\/image\/"}}]}},"publishpress_future_action":{"enabled":false,"date":"2026-05-01 12:37:02","action":"change-status","newStatus":"draft","terms":[],"taxonomy":"translation_priority","extraData":[]},"publishpress_future_workflow_manual_trigger":{"enabledWorkflows":[]},"_links":{"self":[{"href":"https:\/\/www.aqualuxhotel.com\/de\/wp-json\/wp\/v2\/pages\/7079","targetHints":{"allow":["GET"]}}],"collection":[{"href":"https:\/\/www.aqualuxhotel.com\/de\/wp-json\/wp\/v2\/pages"}],"about":[{"href":"https:\/\/www.aqualuxhotel.com\/de\/wp-json\/wp\/v2\/types\/page"}],"author":[{"embeddable":true,"href":"https:\/\/www.aqualuxhotel.com\/de\/wp-json\/wp\/v2\/users\/1"}],"replies":[{"embeddable":true,"href":"https:\/\/www.aqualuxhotel.com\/de\/wp-json\/wp\/v2\/comments?post=7079"}],"version-history":[{"count":5,"href":"https:\/\/www.aqualuxhotel.com\/de\/wp-json\/wp\/v2\/pages\/7079\/revisions"}],"predecessor-version":[{"id":17803,"href":"https:\/\/www.aqualuxhotel.com\/de\/wp-json\/wp\/v2\/pages\/7079\/revisions\/17803"}],"wp:attachment":[{"href":"https:\/\/www.aqualuxhotel.com\/de\/wp-json\/wp\/v2\/media?parent=7079"}],"curies":[{"name":"wp","href":"https:\/\/api.w.org\/{rel}","templated":true}]}}